{"id":7605,"date":"2025-05-05T08:12:56","date_gmt":"2025-05-05T08:12:56","guid":{"rendered":"https:\/\/reluggz.com\/?page_id=7605"},"modified":"2025-07-08T18:39:00","modified_gmt":"2025-07-08T18:39:00","slug":"terms-and-conditions","status":"publish","type":"page","link":"https:\/\/reluggz.com\/bs\/terms-and-conditions\/","title":{"rendered":"Uslovi"},"content":{"rendered":"<div data-elementor-type=\"wp-page\" data-elementor-id=\"7605\" class=\"elementor elementor-7605\" data-elementor-post-type=\"page\">\n\t\t\t\t<div class=\"elementor-element elementor-element-d0206ac e-flex e-con-boxed e-con e-parent\" data-id=\"d0206ac\" data-element_type=\"container\" data-e-type=\"container\">\n\t\t\t\t\t<div class=\"e-con-inner\">\n\t\t\t\t<div class=\"elementor-element elementor-element-f98e1b7 elementor-widget elementor-widget-heading\" data-id=\"f98e1b7\" data-element_type=\"widget\" data-e-type=\"widget\" data-widget_type=\"heading.default\">\n\t\t\t\t<div class=\"elementor-widget-container\">\n\t\t\t\t\t<h2 class=\"elementor-heading-title elementor-size-default\">Uslovi kori\u0161\u0107enja<\/h2>\t\t\t\t<\/div>\n\t\t\t\t<\/div>\n\t\t\t\t<div class=\"elementor-element elementor-element-33dc509 elementor-widget elementor-widget-text-editor\" data-id=\"33dc509\" data-element_type=\"widget\" data-e-type=\"widget\" data-widget_type=\"text-editor.default\">\n\t\t\t\t<div class=\"elementor-widget-container\">\n\t\t\t\t\t\t\t\t\t<p>Dobrodo\u0161li na Reluggz! Kori\u0161\u0107enjem na\u0161e platforme, pristajete na sljede\u0107e uslove i odredbe. Molimo vas da ih pa\u017eljivo pro\u010ditate prije nego \u0161to naru\u010dite bilo koju uslugu.<\/p><h4><strong>1. Obim usluge<\/strong><\/h4><p>Reluggz je platforma za koordinaciju slanja prtljaga koja povezuje korisnike sa kurirskim slu\u017ebama tre\u0107ih strana. Mi sami ne prevozimo po\u0161iljke, ve\u0107 omogu\u0107avamo proces dostave putem na\u0161ih provjerenih partnera.<\/p><h4><strong>2. Zabranjeni predmeti<\/strong><\/h4><p>Korisnicima nije dozvoljeno slanje sljede\u0107ih predmeta:<\/p><ol><li>Oru\u017eje ili eksplozivi<\/li><li>Nelegalne supstance<\/li><li>Lako kvarljiva hrana ili \u017eive \u017eivotinje<\/li><li>Gotovina, kreditne kartice ili vrijedna dokumenta<\/li><li>Nakit, antikviteti ili nezamjenjivi predmeti<\/li><li>Baterije (litijum-jonske ili druge)<\/li><li>Zapaljivi ili opasni materijali<\/li><\/ol><p>Slanje bilo kog od navedenih predmeta mo\u017ee dovesti do zaplene od strane carine, pravnih posljedica ili vra\u0107anja po\u0161iljke o tro\u0161ku po\u0161iljaoca.<\/p><p>Reluggz ne snosi odgovornost za ka\u0161njenja, gubitke ili neisporu\u010divanje po\u0161iljke ako:<\/p><ol><li>Sadr\u017eaj je zabranjen ili nije istinito prijavljen.<\/li><li>Po\u0161iljku zadr\u017ee carinske ili regulatorne institucije<\/li><li>Navedeni su neta\u010dni ili nepotpuni podaci o adresi<\/li><li>Lokalni kurir poku\u0161a isporuku, ali primalac nije dostupan<\/li><\/ol><h4><strong>3. Odgovornost i osiguranje<\/strong><\/h4><p>Reluggz nudi opciono osiguranje putem svojih partnera. Standardne po\u0161iljke nisu osigurane, osim ako se osiguranje ne izabere prilikom pla\u0107anja. Reluggz ne snosi odgovornost za \u0161tetu, gubitak ili kra\u0111u nakon \u0161to je prtljag predat kuriru.<\/p><div id=\"mttContainer\" class=\"notranslate\" style=\"transform: translate(234px, 197px);\" aria-expanded=\"false\">\u00a0<\/div>\t\t\t\t\t\t\t\t<\/div>\n\t\t\t\t<\/div>\n\t\t\t\t\t<\/div>\n\t\t\t\t<\/div>\n\t\t\t\t<\/div>","protected":false},"excerpt":{"rendered":"<p>Terms of Use Welcome to Reluggz! By using our platform, you agree to the following terms and conditions. Please read them carefully before placing any order. 1. Service Scope Reluggz is a luggage shipping coordination platform that connects users with third-party courier services. We do not transport the items ourselves but facilitate the shipping process [&hellip;]<\/p>\n","protected":false},"author":1,"featured_media":0,"parent":0,"menu_order":0,"comment_status":"closed","ping_status":"closed","template":"","meta":{"footnotes":""},"class_list":["post-7605","page","type-page","status-publish","hentry"],"_links":{"self":[{"href":"https:\/\/reluggz.com\/bs\/wp-json\/wp\/v2\/pages\/7605","targetHints":{"allow":["GET"]}}],"collection":[{"href":"https:\/\/reluggz.com\/bs\/wp-json\/wp\/v2\/pages"}],"about":[{"href":"https:\/\/reluggz.com\/bs\/wp-json\/wp\/v2\/types\/page"}],"author":[{"embeddable":true,"href":"https:\/\/reluggz.com\/bs\/wp-json\/wp\/v2\/users\/1"}],"replies":[{"embeddable":true,"href":"https:\/\/reluggz.com\/bs\/wp-json\/wp\/v2\/comments?post=7605"}],"version-history":[{"count":10,"href":"https:\/\/reluggz.com\/bs\/wp-json\/wp\/v2\/pages\/7605\/revisions"}],"predecessor-version":[{"id":7900,"href":"https:\/\/reluggz.com\/bs\/wp-json\/wp\/v2\/pages\/7605\/revisions\/7900"}],"wp:attachment":[{"href":"https:\/\/reluggz.com\/bs\/wp-json\/wp\/v2\/media?parent=7605"}],"curies":[{"name":"wp","href":"https:\/\/api.w.org\/{rel}","templated":true}]}}