{"id":7966,"date":"2025-09-21T19:52:36","date_gmt":"2025-09-21T19:52:36","guid":{"rendered":"https:\/\/reluggz.com\/?page_id=7966"},"modified":"2025-10-01T17:05:29","modified_gmt":"2025-10-01T17:05:29","slug":"privacy-statement","status":"publish","type":"page","link":"https:\/\/reluggz.com\/bs\/privacy-statement\/","title":{"rendered":"Izjava o privatnosti"},"content":{"rendered":"<div data-elementor-type=\"wp-page\" data-elementor-id=\"7966\" class=\"elementor elementor-7966\" data-elementor-post-type=\"page\">\n\t\t\t\t<div class=\"elementor-element elementor-element-db4e2bb e-flex e-con-boxed e-con e-parent\" data-id=\"db4e2bb\" data-element_type=\"container\" data-e-type=\"container\">\n\t\t\t\t\t<div class=\"e-con-inner\">\n\t\t<div class=\"elementor-element elementor-element-58eb03c e-con-full e-flex e-con e-child\" data-id=\"58eb03c\" data-element_type=\"container\" data-e-type=\"container\">\n\t\t\t\t<div class=\"elementor-element elementor-element-d64377d elementor-widget elementor-widget-heading\" data-id=\"d64377d\" data-element_type=\"widget\" data-e-type=\"widget\" data-widget_type=\"heading.default\">\n\t\t\t\t<div class=\"elementor-widget-container\">\n\t\t\t\t\t<h2 class=\"elementor-heading-title elementor-size-default\">IZJAVA O PRIVATNOSTI\n<\/h2>\t\t\t\t<\/div>\n\t\t\t\t<\/div>\n\t\t\t\t<div class=\"elementor-element elementor-element-e53d9ed elementor-widget__width-initial elementor-widget-tablet__width-initial elementor-widget elementor-widget-text-editor\" data-id=\"e53d9ed\" data-element_type=\"widget\" data-e-type=\"widget\" data-widget_type=\"text-editor.default\">\n\t\t\t\t<div class=\"elementor-widget-container\">\n\t\t\t\t\t\t\t\t\tOva izjava obja\u0161njava koje podatke prikupljamo, za\u0161to ih prikupljamo, kako ih koristimo i koja su va\u0161a prava.\t\t\t\t\t\t\t\t<\/div>\n\t\t\t\t<\/div>\n\t\t\t\t<div class=\"elementor-element elementor-element-b391130 elementor-widget elementor-widget-heading\" data-id=\"b391130\" data-element_type=\"widget\" data-e-type=\"widget\" data-widget_type=\"heading.default\">\n\t\t\t\t<div class=\"elementor-widget-container\">\n\t\t\t\t\t<h2 class=\"elementor-heading-title elementor-size-default\">Ko smo mi.\n<\/h2>\t\t\t\t<\/div>\n\t\t\t\t<\/div>\n\t\t\t\t<div class=\"elementor-element elementor-element-ad5ba1f elementor-widget__width-initial elementor-widget-tablet__width-initial elementor-widget elementor-widget-text-editor\" data-id=\"ad5ba1f\" data-element_type=\"widget\" data-e-type=\"widget\" data-widget_type=\"text-editor.default\">\n\t\t\t\t<div class=\"elementor-widget-container\">\n\t\t\t\t\t\t\t\t\tReluggz.com je platforma za organizaciju slanja po\u0161iljki. Kontaktirajte nas na privacy@reluggz.com.\n\t\t\t\t\t\t\t\t<\/div>\n\t\t\t\t<\/div>\n\t\t\t\t<div class=\"elementor-element elementor-element-b4a7035 elementor-widget elementor-widget-heading\" data-id=\"b4a7035\" data-element_type=\"widget\" data-e-type=\"widget\" data-widget_type=\"heading.default\">\n\t\t\t\t<div class=\"elementor-widget-container\">\n\t\t\t\t\t<h2 class=\"elementor-heading-title elementor-size-default\">Koje podatke prikupljamo.<\/h2>\t\t\t\t<\/div>\n\t\t\t\t<\/div>\n\t\t\t\t<div class=\"elementor-element elementor-element-c6422bb elementor-widget__width-initial elementor-widget-tablet__width-initial elementor-widget elementor-widget-text-editor\" data-id=\"c6422bb\" data-element_type=\"widget\" data-e-type=\"widget\" data-widget_type=\"text-editor.default\">\n\t\t\t\t<div class=\"elementor-widget-container\">\n\t\t\t\t\t\t\t\t\t<ol><li><span style=\"font-weight: 400;\">- Identitet i kontakt: ime, e-mail, telefon.<\/span><\/li><li><span style=\"font-weight: 400;\">- Adrese: adrese za slanje i naplatu, lokacije preuzimanja\/isporuke.<\/span><\/li><li><span style=\"font-weight: 400;\">- Detalji narud\u017ebe: te\u017eina\/dimenzije paketa, opcije usluge, cijena, brojevi za pra\u0107enje.<\/span><\/li><li><span style=\"font-weight: 400;\">- Status pla\u0107anja: potvrde uspje\u0161nosti\/neuspje\u0161nosti od procesora (ne \u010duvamo kompletne brojeve kartica).<\/span><\/li><li><span style=\"font-weight: 400;\">- Podaci naloga: pristupne \u0161ifre (he\u0161ovane), preferencije, istorija komunikacije.<\/span><\/li><li><span style=\"font-weight: 400;\">- Tehni\u010dki podaci: IP adresa, pretra\u017eiva\u010d\/ure\u0111aj, kola\u010di\u0107i i sli\u010dne tehnologije za osnovne funkcije i analitiku.<\/span><\/li><\/ol>\t\t\t\t\t\t\t\t<\/div>\n\t\t\t\t<\/div>\n\t\t\t\t<div class=\"elementor-element elementor-element-9b62c5d elementor-widget elementor-widget-heading\" data-id=\"9b62c5d\" data-element_type=\"widget\" data-e-type=\"widget\" data-widget_type=\"heading.default\">\n\t\t\t\t<div class=\"elementor-widget-container\">\n\t\t\t\t\t<h2 class=\"elementor-heading-title elementor-size-default\">Za\u0161to prikupljamo.\n<\/h2>\t\t\t\t<\/div>\n\t\t\t\t<\/div>\n\t\t\t\t<div class=\"elementor-element elementor-element-33989bb elementor-widget__width-initial elementor-widget-tablet__width-initial elementor-widget elementor-widget-text-editor\" data-id=\"33989bb\" data-element_type=\"widget\" data-e-type=\"widget\" data-widget_type=\"text-editor.default\">\n\t\t\t\t<div class=\"elementor-widget-container\">\n\t\t\t\t\t\t\t\t\t<ol><li><span style=\"font-weight: 400;\">- Radi izvr\u0161enja ugovora (obrada narud\u017ebi, organizacija isporuke, podr\u0161ka).<\/span><\/li><li><span style=\"font-weight: 400;\">- Radi po\u0161tovanja zakona (ra\u010dunovodstvo, porezi, prevencija prevara).<\/span><\/li><li><span style=\"font-weight: 400;\">- Na osnovu legitimnog interesa (unapre\u0111enje usluga, sigurnost sistema).<\/span><\/li><li><span style=\"font-weight: 400;\">- Na osnovu saglasnosti (npr. marketing e-mailovi) \u2013 mo\u017eete je povu\u0107i u bilo kojem trenutku.<\/span><\/li><\/ol>\t\t\t\t\t\t\t\t<\/div>\n\t\t\t\t<\/div>\n\t\t\t\t<div class=\"elementor-element elementor-element-a0d9806 elementor-widget elementor-widget-heading\" data-id=\"a0d9806\" data-element_type=\"widget\" data-e-type=\"widget\" data-widget_type=\"heading.default\">\n\t\t\t\t<div class=\"elementor-widget-container\">\n\t\t\t\t\t<h2 class=\"elementor-heading-title elementor-size-default\">Kako koristimo i dijelimo podatke.\n<\/h2>\t\t\t\t<\/div>\n\t\t\t\t<\/div>\n\t\t\t\t<div class=\"elementor-element elementor-element-8a2c363 elementor-widget__width-initial elementor-widget-tablet__width-initial elementor-widget elementor-widget-text-editor\" data-id=\"8a2c363\" data-element_type=\"widget\" data-e-type=\"widget\" data-widget_type=\"text-editor.default\">\n\t\t\t\t<div class=\"elementor-widget-container\">\n\t\t\t\t\t\t\t\t\tPodatke koristimo za obradu narud\u017ebi, komunikaciju i unapre\u0111enje usluga. Dijelimo ih samo sa provjerenim partnerima (kuriri, procesori pla\u0107anja, provajderi obavje\u0161tenja). Ne prodajemo va\u0161e podatke.\t\t\t\t\t\t\t\t<\/div>\n\t\t\t\t<\/div>\n\t\t\t\t<div class=\"elementor-element elementor-element-495f32c elementor-widget elementor-widget-heading\" data-id=\"495f32c\" data-element_type=\"widget\" data-e-type=\"widget\" data-widget_type=\"heading.default\">\n\t\t\t\t<div class=\"elementor-widget-container\">\n\t\t\t\t\t<h2 class=\"elementor-heading-title elementor-size-default\">Marketin\u0161ki izbori.\n<\/h2>\t\t\t\t<\/div>\n\t\t\t\t<\/div>\n\t\t\t\t<div class=\"elementor-element elementor-element-5947613 elementor-widget__width-initial elementor-widget-tablet__width-initial elementor-widget elementor-widget-text-editor\" data-id=\"5947613\" data-element_type=\"widget\" data-e-type=\"widget\" data-widget_type=\"text-editor.default\">\n\t\t\t\t<div class=\"elementor-widget-container\">\n\t\t\t\t\t\t\t\t\tMo\u017eete se prijaviti za marketing. U svakom trenutku se mo\u017eete odjaviti klikom na \u201eodjavi se\u201c ili slanjem zahtjeva na privacy@reluggz.com. Transakcione poruke nastavljaju da se \u0161alju.\t\t\t\t\t\t\t\t<\/div>\n\t\t\t\t<\/div>\n\t\t\t\t<div class=\"elementor-element elementor-element-0aaad83 elementor-widget elementor-widget-heading\" data-id=\"0aaad83\" data-element_type=\"widget\" data-e-type=\"widget\" data-widget_type=\"heading.default\">\n\t\t\t\t<div class=\"elementor-widget-container\">\n\t\t\t\t\t<h2 class=\"elementor-heading-title elementor-size-default\">Rokovi \u010duvanja.\n<\/h2>\t\t\t\t<\/div>\n\t\t\t\t<\/div>\n\t\t\t\t<div class=\"elementor-element elementor-element-dce7311 elementor-widget__width-initial elementor-widget-tablet__width-initial elementor-widget elementor-widget-text-editor\" data-id=\"dce7311\" data-element_type=\"widget\" data-e-type=\"widget\" data-widget_type=\"text-editor.default\">\n\t\t\t\t<div class=\"elementor-widget-container\">\n\t\t\t\t\t\t\t\t\tPodatke \u010duvamo samo koliko je potrebno: do 6 godina za finansijsku dokumentaciju (zakonska obaveza), kra\u0107e za tehni\u010dke zapise osim ako je potreban du\u017ei rok radi rje\u0161avanja sporova.\n\t\t\t\t\t\t\t\t<\/div>\n\t\t\t\t<\/div>\n\t\t\t\t<div class=\"elementor-element elementor-element-9055488 elementor-widget elementor-widget-heading\" data-id=\"9055488\" data-element_type=\"widget\" data-e-type=\"widget\" data-widget_type=\"heading.default\">\n\t\t\t\t<div class=\"elementor-widget-container\">\n\t\t\t\t\t<h2 class=\"elementor-heading-title elementor-size-default\">Me\u0111unarodni prenos.\n<\/h2>\t\t\t\t<\/div>\n\t\t\t\t<\/div>\n\t\t\t\t<div class=\"elementor-element elementor-element-7ed1e66 elementor-widget__width-initial elementor-widget-tablet__width-initial elementor-widget elementor-widget-text-editor\" data-id=\"7ed1e66\" data-element_type=\"widget\" data-e-type=\"widget\" data-widget_type=\"text-editor.default\">\n\t\t\t\t<div class=\"elementor-widget-container\">\n\t\t\t\t\t\t\t\t\tAko dobavlja\u010di obra\u0111uju podatke van va\u0161e dr\u017eave, koristimo ugovorne i tehni\u010dke mjere za\u0161tite.\n\t\t\t\t\t\t\t\t<\/div>\n\t\t\t\t<\/div>\n\t\t\t\t<div class=\"elementor-element elementor-element-d5ab712 elementor-widget elementor-widget-heading\" data-id=\"d5ab712\" data-element_type=\"widget\" data-e-type=\"widget\" data-widget_type=\"heading.default\">\n\t\t\t\t<div class=\"elementor-widget-container\">\n\t\t\t\t\t<h2 class=\"elementor-heading-title elementor-size-default\">Va\u0161a prava.\n<\/h2>\t\t\t\t<\/div>\n\t\t\t\t<\/div>\n\t\t\t\t<div class=\"elementor-element elementor-element-dcbf10f elementor-widget__width-initial elementor-widget-tablet__width-initial elementor-widget elementor-widget-text-editor\" data-id=\"dcbf10f\" data-element_type=\"widget\" data-e-type=\"widget\" data-widget_type=\"text-editor.default\">\n\t\t\t\t<div class=\"elementor-widget-container\">\n\t\t\t\t\t\t\t\t\tMo\u017eete tra\u017eiti pristup, ispravku, brisanje, ograni\u010denje obrade ili prenosivost. Pi\u0161ite na privacy@reluggz.com \u2013 odgovaramo u zakonskom roku.\n\t\t\t\t\t\t\t\t<\/div>\n\t\t\t\t<\/div>\n\t\t\t\t<div class=\"elementor-element elementor-element-856fc7b elementor-widget elementor-widget-heading\" data-id=\"856fc7b\" data-element_type=\"widget\" data-e-type=\"widget\" data-widget_type=\"heading.default\">\n\t\t\t\t<div class=\"elementor-widget-container\">\n\t\t\t\t\t<h2 class=\"elementor-heading-title elementor-size-default\">Djeca.\n<\/h2>\t\t\t\t<\/div>\n\t\t\t\t<\/div>\n\t\t\t\t<div class=\"elementor-element elementor-element-01dfd57 elementor-widget__width-initial elementor-widget-tablet__width-initial elementor-widget elementor-widget-text-editor\" data-id=\"01dfd57\" data-element_type=\"widget\" data-e-type=\"widget\" data-widget_type=\"text-editor.default\">\n\t\t\t\t<div class=\"elementor-widget-container\">\n\t\t\t\t\t\t\t\t\tUsluga nije namijenjena mla\u0111ima od 16 godina i ne prikupljamo njihove podatke svjesno.\n\t\t\t\t\t\t\t\t<\/div>\n\t\t\t\t<\/div>\n\t\t\t\t<div class=\"elementor-element elementor-element-bafce9d elementor-widget elementor-widget-heading\" data-id=\"bafce9d\" data-element_type=\"widget\" data-e-type=\"widget\" data-widget_type=\"heading.default\">\n\t\t\t\t<div class=\"elementor-widget-container\">\n\t\t\t\t\t<h2 class=\"elementor-heading-title elementor-size-default\">A\u017euriranja.\n<\/h2>\t\t\t\t<\/div>\n\t\t\t\t<\/div>\n\t\t\t\t<div class=\"elementor-element elementor-element-55d84ff elementor-widget__width-initial elementor-widget-tablet__width-initial elementor-widget elementor-widget-text-editor\" data-id=\"55d84ff\" data-element_type=\"widget\" data-e-type=\"widget\" data-widget_type=\"text-editor.default\">\n\t\t\t\t<div class=\"elementor-widget-container\">\n\t\t\t\t\t\t\t\t\tOvu izjavu mo\u017eemo a\u017eurirati; promjene \u0107emo objaviti s novim datumom \u201eZadnje a\u017euriranje\u201c.\n\t\t\t\t\t\t\t\t<\/div>\n\t\t\t\t<\/div>\n\t\t\t\t<\/div>\n\t\t\t\t\t<\/div>\n\t\t\t\t<\/div>\n\t\t\t\t<\/div>","protected":false},"excerpt":{"rendered":"<p>PRIVACY STATEMENT This Privacy Statement explains what we collect, why we collect it, how we use it, and your choices. Who we are. Reluggz.com is a platform for arranging shipping services. You can reach us at privacy@reluggz.com. What we collect. &#8211; Identity and contact: name, email, phone. &#8211; Addresses: shipping and billing addresses; pickup\/delivery locations. [&hellip;]<\/p>\n","protected":false},"author":1,"featured_media":0,"parent":0,"menu_order":0,"comment_status":"closed","ping_status":"closed","template":"","meta":{"footnotes":""},"class_list":["post-7966","page","type-page","status-publish","hentry"],"_links":{"self":[{"href":"https:\/\/reluggz.com\/bs\/wp-json\/wp\/v2\/pages\/7966","targetHints":{"allow":["GET"]}}],"collection":[{"href":"https:\/\/reluggz.com\/bs\/wp-json\/wp\/v2\/pages"}],"about":[{"href":"https:\/\/reluggz.com\/bs\/wp-json\/wp\/v2\/types\/page"}],"author":[{"embeddable":true,"href":"https:\/\/reluggz.com\/bs\/wp-json\/wp\/v2\/users\/1"}],"replies":[{"embeddable":true,"href":"https:\/\/reluggz.com\/bs\/wp-json\/wp\/v2\/comments?post=7966"}],"version-history":[{"count":10,"href":"https:\/\/reluggz.com\/bs\/wp-json\/wp\/v2\/pages\/7966\/revisions"}],"predecessor-version":[{"id":7995,"href":"https:\/\/reluggz.com\/bs\/wp-json\/wp\/v2\/pages\/7966\/revisions\/7995"}],"wp:attachment":[{"href":"https:\/\/reluggz.com\/bs\/wp-json\/wp\/v2\/media?parent=7966"}],"curies":[{"name":"wp","href":"https:\/\/api.w.org\/{rel}","templated":true}]}}