{"id":7972,"date":"2025-09-21T19:53:28","date_gmt":"2025-09-21T19:53:28","guid":{"rendered":"https:\/\/reluggz.com\/?page_id=7972"},"modified":"2025-10-01T17:23:17","modified_gmt":"2025-10-01T17:23:17","slug":"currency-conversion","status":"publish","type":"page","link":"https:\/\/reluggz.com\/bs\/currency-conversion\/","title":{"rendered":"Prikaz u drugim valutama."},"content":{"rendered":"<div data-elementor-type=\"wp-page\" data-elementor-id=\"7972\" class=\"elementor elementor-7972\" data-elementor-post-type=\"page\">\n\t\t\t\t<div class=\"elementor-element elementor-element-90107e5 e-flex e-con-boxed e-con e-parent\" data-id=\"90107e5\" data-element_type=\"container\" data-e-type=\"container\">\n\t\t\t\t\t<div class=\"e-con-inner\">\n\t\t<div class=\"elementor-element elementor-element-d17ef39 e-con-full e-flex e-con e-child\" data-id=\"d17ef39\" data-element_type=\"container\" data-e-type=\"container\">\n\t\t\t\t<div class=\"elementor-element elementor-element-b2a5a5d elementor-widget elementor-widget-heading\" data-id=\"b2a5a5d\" data-element_type=\"widget\" data-e-type=\"widget\" data-widget_type=\"heading.default\">\n\t\t\t\t<div class=\"elementor-widget-container\">\n\t\t\t\t\t<h2 class=\"elementor-heading-title elementor-size-default\">KONVERZIJA VALUTA\n<\/h2>\t\t\t\t<\/div>\n\t\t\t\t<\/div>\n\t\t\t\t<div class=\"elementor-element elementor-element-e40b090 elementor-widget__width-initial elementor-widget-tablet__width-initial elementor-widget elementor-widget-text-editor\" data-id=\"e40b090\" data-element_type=\"widget\" data-e-type=\"widget\" data-widget_type=\"text-editor.default\">\n\t\t\t\t<div class=\"elementor-widget-container\">\n\t\t\t\t\t\t\t\t\t<p><strong>Valuta naplate.<\/strong><br \/>Sve transakcije se napla\u0107uju u BAM. Cijene prikazane u drugim valutama su informativne i mogu odstupati zbog kursa banke i naknada.<\/p>\t\t\t\t\t\t\t\t<\/div>\n\t\t\t\t<\/div>\n\t\t\t\t<div class=\"elementor-element elementor-element-b3b4cfc elementor-widget elementor-widget-heading\" data-id=\"b3b4cfc\" data-element_type=\"widget\" data-e-type=\"widget\" data-widget_type=\"heading.default\">\n\t\t\t\t<div class=\"elementor-widget-container\">\n\t\t\t\t\t<h2 class=\"elementor-heading-title elementor-size-default\">Prikaz u drugim valutama.<\/h2>\t\t\t\t<\/div>\n\t\t\t\t<\/div>\n\t\t\t\t<div class=\"elementor-element elementor-element-9ccf1f9 elementor-widget__width-initial elementor-widget-tablet__width-initial elementor-widget elementor-widget-text-editor\" data-id=\"9ccf1f9\" data-element_type=\"widget\" data-e-type=\"widget\" data-widget_type=\"text-editor.default\">\n\t\t\t\t<div class=\"elementor-widget-container\">\n\t\t\t\t\t\t\t\t\tRadi lak\u0161eg snala\u017eenja, mo\u017eemo prikazati pribli\u017ene cijene u drugim valutama.\n\t\t\t\t\t\t\t\t<\/div>\n\t\t\t\t<\/div>\n\t\t\t\t<div class=\"elementor-element elementor-element-9d0a6f6 elementor-widget elementor-widget-heading\" data-id=\"9d0a6f6\" data-element_type=\"widget\" data-e-type=\"widget\" data-widget_type=\"heading.default\">\n\t\t\t\t<div class=\"elementor-widget-container\">\n\t\t\t\t\t<h2 class=\"elementor-heading-title elementor-size-default\">Konverzija banke.\n<\/h2>\t\t\t\t<\/div>\n\t\t\t\t<\/div>\n\t\t\t\t<div class=\"elementor-element elementor-element-1235ea2 elementor-widget__width-initial elementor-widget-tablet__width-initial elementor-widget elementor-widget-text-editor\" data-id=\"1235ea2\" data-element_type=\"widget\" data-e-type=\"widget\" data-widget_type=\"text-editor.default\">\n\t\t\t\t<div class=\"elementor-widget-container\">\n\t\t\t\t\t\t\t\t\tIzdavatelj va\u0161e kartice mo\u017ee pretvoriti iznos u valutu va\u0161eg ra\u010duna koriste\u0107i vlastiti te\u010daj i mo\u017ee primijeniti naknade.\n\t\t\t\t\t\t\t\t<\/div>\n\t\t\t\t<\/div>\n\t\t\t\t<\/div>\n\t\t\t\t\t<\/div>\n\t\t\t\t<\/div>\n\t\t\t\t<\/div>","protected":false},"excerpt":{"rendered":"<p>CURRENCY CONVERSION Billing currency.All transactions on Reluggz.com are processed in BAM (Bosnian Convertible Mark). Display in other currencies. For convenience, we may show approximate prices in other currencies. Bank conversion. Your card issuer may convert the amount into your account currency using its own rate and may apply fees.<\/p>","protected":false},"author":1,"featured_media":0,"parent":0,"menu_order":0,"comment_status":"closed","ping_status":"closed","template":"","meta":{"footnotes":""},"class_list":["post-7972","page","type-page","status-publish","hentry"],"_links":{"self":[{"href":"https:\/\/reluggz.com\/bs\/wp-json\/wp\/v2\/pages\/7972","targetHints":{"allow":["GET"]}}],"collection":[{"href":"https:\/\/reluggz.com\/bs\/wp-json\/wp\/v2\/pages"}],"about":[{"href":"https:\/\/reluggz.com\/bs\/wp-json\/wp\/v2\/types\/page"}],"author":[{"embeddable":true,"href":"https:\/\/reluggz.com\/bs\/wp-json\/wp\/v2\/users\/1"}],"replies":[{"embeddable":true,"href":"https:\/\/reluggz.com\/bs\/wp-json\/wp\/v2\/comments?post=7972"}],"version-history":[{"count":4,"href":"https:\/\/reluggz.com\/bs\/wp-json\/wp\/v2\/pages\/7972\/revisions"}],"predecessor-version":[{"id":8006,"href":"https:\/\/reluggz.com\/bs\/wp-json\/wp\/v2\/pages\/7972\/revisions\/8006"}],"wp:attachment":[{"href":"https:\/\/reluggz.com\/bs\/wp-json\/wp\/v2\/media?parent=7972"}],"curies":[{"name":"wp","href":"https:\/\/api.w.org\/{rel}","templated":true}]}}