{"id":7975,"date":"2025-10-01T16:36:51","date_gmt":"2025-10-01T16:36:51","guid":{"rendered":"https:\/\/reluggz.com\/?page_id=7975"},"modified":"2025-10-02T10:05:52","modified_gmt":"2025-10-02T10:05:52","slug":"payment-security-2","status":"publish","type":"page","link":"https:\/\/reluggz.com\/bs\/payment-security-2\/","title":{"rendered":"Sigurnost pri pla\u0107anju"},"content":{"rendered":"<div data-elementor-type=\"wp-page\" data-elementor-id=\"7975\" class=\"elementor elementor-7975\" data-elementor-post-type=\"page\">\n\t\t\t\t<div class=\"elementor-element elementor-element-e0492d1 e-flex e-con-boxed e-con e-parent\" data-id=\"e0492d1\" data-element_type=\"container\" data-e-type=\"container\">\n\t\t\t\t\t<div class=\"e-con-inner\">\n\t\t<div class=\"elementor-element elementor-element-0d24af0 e-con-full e-flex e-con e-child\" data-id=\"0d24af0\" data-element_type=\"container\" data-e-type=\"container\">\n\t\t\t\t<div class=\"elementor-element elementor-element-767f9a9 elementor-widget elementor-widget-heading\" data-id=\"767f9a9\" data-element_type=\"widget\" data-e-type=\"widget\" data-widget_type=\"heading.default\">\n\t\t\t\t<div class=\"elementor-widget-container\">\n\t\t\t\t\t<h2 class=\"elementor-heading-title elementor-size-default\">SIGURNOST PLA\u0106ANJA\n<\/h2>\t\t\t\t<\/div>\n\t\t\t\t<\/div>\n\t\t\t\t<div class=\"elementor-element elementor-element-fe7f5c1 elementor-widget__width-initial elementor-widget-tablet__width-initial elementor-widget elementor-widget-text-editor\" data-id=\"fe7f5c1\" data-element_type=\"widget\" data-e-type=\"widget\" data-widget_type=\"text-editor.default\">\n\t\t\t\t<div class=\"elementor-widget-container\">\n\t\t\t\t\t\t\t\t\tVa\u0161a bezbjednost nam je na prvom mjestu. Koristimo vi\u0161eslojnu za\u0161titu kako bismo \u010duvali va\u0161e podatke tokom svake faze procesa pla\u0107anja.\n\t\t\t\t\t\t\t\t<\/div>\n\t\t\t\t<\/div>\n\t\t\t\t<div class=\"elementor-element elementor-element-61e99aa elementor-widget elementor-widget-heading\" data-id=\"61e99aa\" data-element_type=\"widget\" data-e-type=\"widget\" data-widget_type=\"heading.default\">\n\t\t\t\t<div class=\"elementor-widget-container\">\n\t\t\t\t\t<h2 class=\"elementor-heading-title elementor-size-default\">Za\u0161tita prenosa podataka (SSL\/TLS).\n<\/h2>\t\t\t\t<\/div>\n\t\t\t\t<\/div>\n\t\t\t\t<div class=\"elementor-element elementor-element-facc46f elementor-widget__width-initial elementor-widget-tablet__width-initial elementor-widget elementor-widget-text-editor\" data-id=\"facc46f\" data-element_type=\"widget\" data-e-type=\"widget\" data-widget_type=\"text-editor.default\">\n\t\t\t\t<div class=\"elementor-widget-container\">\n\t\t\t\t\t\t\t\t\tSve stranice na kojima unosite ili gledate li\u010dne ili podatke o pla\u0107anju za\u0161ti\u0107ene su SSL\/TLS enkripcijom. To sprje\u010dava tre\u0107a lica da presretnu ili izmijene podatke. Obratite pa\u017enju na \u201chttps:\/\/\u201d i ikonu katanca u pretra\u017eiva\u010du.\n\t\t\t\t\t\t\t\t<\/div>\n\t\t\t\t<\/div>\n\t\t\t\t<div class=\"elementor-element elementor-element-984c204 elementor-widget elementor-widget-heading\" data-id=\"984c204\" data-element_type=\"widget\" data-e-type=\"widget\" data-widget_type=\"heading.default\">\n\t\t\t\t<div class=\"elementor-widget-container\">\n\t\t\t\t\t<h2 class=\"elementor-heading-title elementor-size-default\">Obrada kartica kod sertifikovanog provajdera.\n<\/h2>\t\t\t\t<\/div>\n\t\t\t\t<\/div>\n\t\t\t\t<div class=\"elementor-element elementor-element-529f4be elementor-widget__width-initial elementor-widget-tablet__width-initial elementor-widget elementor-widget-text-editor\" data-id=\"529f4be\" data-element_type=\"widget\" data-e-type=\"widget\" data-widget_type=\"text-editor.default\">\n\t\t\t\t<div class=\"elementor-widget-container\">\n\t\t\t\t\t\t\t\t\tMi ne obra\u0111ujemo podatke o karticama na na\u0161im serverima. Pla\u0107anja se obra\u0111uju putem Monri Payments, provajdera sertifikovanog na PCI DSS Level 1 nivou (najvi\u0161i nivo bezbjednosnih standarda). Njihovi sistemi se nezavisno audituju i prate radi odr\u017eavanja sertifikacije.\n\t\t\t\t\t\t\t\t<\/div>\n\t\t\t\t<\/div>\n\t\t\t\t<div class=\"elementor-element elementor-element-398cae9 elementor-widget elementor-widget-heading\" data-id=\"398cae9\" data-element_type=\"widget\" data-e-type=\"widget\" data-widget_type=\"heading.default\">\n\t\t\t\t<div class=\"elementor-widget-container\">\n\t\t\t\t\t<h2 class=\"elementor-heading-title elementor-size-default\">Ne \u010duvamo kompletne brojeve kartica.\n<\/h2>\t\t\t\t<\/div>\n\t\t\t\t<\/div>\n\t\t\t\t<div class=\"elementor-element elementor-element-c1ef443 elementor-widget__width-initial elementor-widget-tablet__width-initial elementor-widget elementor-widget-text-editor\" data-id=\"c1ef443\" data-element_type=\"widget\" data-e-type=\"widget\" data-widget_type=\"text-editor.default\">\n\t\t\t\t<div class=\"elementor-widget-container\">\n\t\t\t\t\t\t\t\t\tReluggz.com nema uvid niti \u010duva kompletan broj va\u0161e kartice, CVV ili PIN. Dobijamo samo minimalne informacije od Monri-ja neophodne za potvrdu statusa narud\u017ebe i uplate.\n\t\t\t\t\t\t\t\t<\/div>\n\t\t\t\t<\/div>\n\t\t\t\t<div class=\"elementor-element elementor-element-8635345 elementor-widget elementor-widget-heading\" data-id=\"8635345\" data-element_type=\"widget\" data-e-type=\"widget\" data-widget_type=\"heading.default\">\n\t\t\t\t<div class=\"elementor-widget-container\">\n\t\t\t\t\t<h2 class=\"elementor-heading-title elementor-size-default\">Prevencija prevara i monitoring.\n<\/h2>\t\t\t\t<\/div>\n\t\t\t\t<\/div>\n\t\t\t\t<div class=\"elementor-element elementor-element-0565635 elementor-widget__width-initial elementor-widget-tablet__width-initial elementor-widget elementor-widget-text-editor\" data-id=\"0565635\" data-element_type=\"widget\" data-e-type=\"widget\" data-widget_type=\"text-editor.default\">\n\t\t\t\t<div class=\"elementor-widget-container\">\n\t\t\t\t\t\t\t\t\tTransakcije se mogu provjeravati automatizovanim sigurnosnim alatima (npr. AVS\/3-D Secure gdje je dostupno). Ako uo\u010dimo sumnjive obrasce, narud\u017eba mo\u017ee biti privremeno zadr\u017eana dok vas ne kontaktiramo radi potvrde.\n\t\t\t\t\t\t\t\t<\/div>\n\t\t\t\t<\/div>\n\t\t\t\t<div class=\"elementor-element elementor-element-94101af elementor-widget elementor-widget-heading\" data-id=\"94101af\" data-element_type=\"widget\" data-e-type=\"widget\" data-widget_type=\"heading.default\">\n\t\t\t\t<div class=\"elementor-widget-container\">\n\t\t\t\t\t<h2 class=\"elementor-heading-title elementor-size-default\">Va\u0161e obaveze.\n<\/h2>\t\t\t\t<\/div>\n\t\t\t\t<\/div>\n\t\t\t\t<div class=\"elementor-element elementor-element-037c2bb elementor-widget__width-initial elementor-widget-tablet__width-initial elementor-widget elementor-widget-text-editor\" data-id=\"037c2bb\" data-element_type=\"widget\" data-e-type=\"widget\" data-widget_type=\"text-editor.default\">\n\t\t\t\t<div class=\"elementor-widget-container\">\n\t\t\t\t\t\t\t\t\tKoristite jedinstvene i jake lozinke, a\u017eurirajte ure\u0111aje i nikada ne dijelite jednokratne kodove ili CVV sa bilo kim \u2013 \u010dak ni sa onima koji se predstavljaju kao Reluggz ili banka.\n\t\t\t\t\t\t\t\t<\/div>\n\t\t\t\t<\/div>\n\t\t\t\t<div class=\"elementor-element elementor-element-5716f00 elementor-widget elementor-widget-heading\" data-id=\"5716f00\" data-element_type=\"widget\" data-e-type=\"widget\" data-widget_type=\"heading.default\">\n\t\t\t\t<div class=\"elementor-widget-container\">\n\t\t\t\t\t<h2 class=\"elementor-heading-title elementor-size-default\">Va\u0161e obaveze.\n<\/h2>\t\t\t\t<\/div>\n\t\t\t\t<\/div>\n\t\t\t\t<div class=\"elementor-element elementor-element-d6a8f71 elementor-widget__width-initial elementor-widget-tablet__width-initial elementor-widget elementor-widget-text-editor\" data-id=\"d6a8f71\" data-element_type=\"widget\" data-e-type=\"widget\" data-widget_type=\"text-editor.default\">\n\t\t\t\t<div class=\"elementor-widget-container\">\n\t\t\t\t\t\t\t\t\tAko sumnjate na neovla\u0161\u0107enu aktivnost, odmah kontaktirajte svoju banku i obavijestite nas na support@reluggz.com. Sara\u0111iva\u0107emo s bankom i Monri-jem na istrazi i rje\u0161avanju problema.\n\t\t\t\t\t\t\t\t<\/div>\n\t\t\t\t<\/div>\n\t\t\t\t<div class=\"elementor-element elementor-element-60c5bfb elementor-widget elementor-widget-heading\" data-id=\"60c5bfb\" data-element_type=\"widget\" data-e-type=\"widget\" data-widget_type=\"heading.default\">\n\t\t\t\t<div class=\"elementor-widget-container\">\n\t\t\t\t\t<h2 class=\"elementor-heading-title elementor-size-default\">Kontinuirano unapre\u0111enje.\n<\/h2>\t\t\t\t<\/div>\n\t\t\t\t<\/div>\n\t\t\t\t<div class=\"elementor-element elementor-element-fc05ede elementor-widget__width-initial elementor-widget-tablet__width-initial elementor-widget elementor-widget-text-editor\" data-id=\"fc05ede\" data-element_type=\"widget\" data-e-type=\"widget\" data-widget_type=\"text-editor.default\">\n\t\t\t\t<div class=\"elementor-widget-container\">\n\t\t\t\t\t\t\t\t\tRedovno pregledamo sigurnosne kontrole, sertifikate dobavlja\u010da i procedure odgovora na incidente kako bismo bili uskla\u0111eni s najboljim praksama.\t\t\t\t\t\t\t\t<\/div>\n\t\t\t\t<\/div>\n\t\t\t\t<\/div>\n\t\t\t\t\t<\/div>\n\t\t\t\t<\/div>\n\t\t\t\t<\/div>","protected":false},"excerpt":{"rendered":"<p>PAYMENT SECURITY Your safety comes first at Reluggz.com. We use multiple, layered safeguards to protect your data at every step of the checkout process. Transport security (SSL\/TLS). All pages where you enter or view personal or payment information are protected with SSL\/TLS. This encryption prevents third parties from reading or modifying data in transit. Look [&hellip;]<\/p>\n","protected":false},"author":1,"featured_media":0,"parent":0,"menu_order":0,"comment_status":"closed","ping_status":"closed","template":"","meta":{"footnotes":""},"class_list":["post-7975","page","type-page","status-publish","hentry"],"_links":{"self":[{"href":"https:\/\/reluggz.com\/bs\/wp-json\/wp\/v2\/pages\/7975","targetHints":{"allow":["GET"]}}],"collection":[{"href":"https:\/\/reluggz.com\/bs\/wp-json\/wp\/v2\/pages"}],"about":[{"href":"https:\/\/reluggz.com\/bs\/wp-json\/wp\/v2\/types\/page"}],"author":[{"embeddable":true,"href":"https:\/\/reluggz.com\/bs\/wp-json\/wp\/v2\/users\/1"}],"replies":[{"embeddable":true,"href":"https:\/\/reluggz.com\/bs\/wp-json\/wp\/v2\/comments?post=7975"}],"version-history":[{"count":8,"href":"https:\/\/reluggz.com\/bs\/wp-json\/wp\/v2\/pages\/7975\/revisions"}],"predecessor-version":[{"id":8018,"href":"https:\/\/reluggz.com\/bs\/wp-json\/wp\/v2\/pages\/7975\/revisions\/8018"}],"wp:attachment":[{"href":"https:\/\/reluggz.com\/bs\/wp-json\/wp\/v2\/media?parent=7975"}],"curies":[{"name":"wp","href":"https:\/\/api.w.org\/{rel}","templated":true}]}}