{"id":7605,"date":"2025-05-05T08:12:56","date_gmt":"2025-05-05T08:12:56","guid":{"rendered":"https:\/\/reluggz.com\/?page_id=7605"},"modified":"2025-07-08T18:39:00","modified_gmt":"2025-07-08T18:39:00","slug":"terms-and-conditions","status":"publish","type":"page","link":"https:\/\/reluggz.com\/de\/terms-and-conditions\/","title":{"rendered":"Gesch\u00e4ftsbedingungen"},"content":{"rendered":"<div data-elementor-type=\"wp-page\" data-elementor-id=\"7605\" class=\"elementor elementor-7605\" data-elementor-post-type=\"page\">\n\t\t\t\t<div class=\"elementor-element elementor-element-d0206ac e-flex e-con-boxed e-con e-parent\" data-id=\"d0206ac\" data-element_type=\"container\" data-e-type=\"container\">\n\t\t\t\t\t<div class=\"e-con-inner\">\n\t\t\t\t<div class=\"elementor-element elementor-element-f98e1b7 elementor-widget elementor-widget-heading\" data-id=\"f98e1b7\" data-element_type=\"widget\" data-e-type=\"widget\" data-widget_type=\"heading.default\">\n\t\t\t\t<div class=\"elementor-widget-container\">\n\t\t\t\t\t<h2 class=\"elementor-heading-title elementor-size-default\">Nutzungsbedingungen<\/h2>\t\t\t\t<\/div>\n\t\t\t\t<\/div>\n\t\t\t\t<div class=\"elementor-element elementor-element-33dc509 elementor-widget elementor-widget-text-editor\" data-id=\"33dc509\" data-element_type=\"widget\" data-e-type=\"widget\" data-widget_type=\"text-editor.default\">\n\t\t\t\t<div class=\"elementor-widget-container\">\n\t\t\t\t\t\t\t\t\t<p>Willkommen zu Reluggz! Durch die Nutzung unserer Plattform Stimmen Sie den folgenden Gesch\u00e4ftsbedingungen zu. Bitte Lesen Sie diese sorgf\u00e4ltig, bevor Sie alle um.<\/p><h4><strong>1. Service-Bereich<\/strong><\/h4><p>Reluggz ist eine Gep\u00e4ck-Versand Koordination-Plattform und verbindet die Nutzer mit Dritten Kurier Dienstleistungen. Wir tun nicht transportieren die Produkte selbst, sondern erleichtert auch den Versand Prozess, durch unsere verifiziert Partner.<\/p><h4><strong>2. Verbotene Gegenst\u00e4nde<\/strong><\/h4><p>Users must not ship any of the following:<\/p><ol><li>Waffen oder Sprengstoff<\/li><li>Illegale Substanzen<\/li><li>Mit verderblichen Lebensmitteln oder lebenden Tieren<\/li><li>Bargeld, Kreditkarten oder wertvolle Dokumente<\/li><li>Schmuck, Antiquit\u00e4ten, oder unersetzliche Elemente<\/li><li>Batterien (lithium-Ionen oder andere)<\/li><li>Leicht entz\u00fcndlichen oder gef\u00e4hrlichen Materialien<\/li><\/ol><p>Versand alle der oben genannten Punkte k\u00f6nnen dazu f\u00fchren, grenzbeschlagnahme, rechtliche Schritte oder R\u00fccksendung der Sendung an den Absender auf seine Kosten.<\/p><p>Reluggz is not liable for any shipment delays, losses, or non-delivery if:<\/p><ol><li>Die Inhalte sind verboten oder nicht wahrheitsgem\u00e4\u00df erkl\u00e4rt<\/li><li>Das Paket ist gehalten durch Gewohnheiten oder Regulierungsbeh\u00f6rden<\/li><li>Falsche oder unvollst\u00e4ndige Adresse Informationen ist zur Verf\u00fcgung gestellt<\/li><li>Lokale Kurier-versuche Lieferung, aber der Empf\u00e4nger ist nicht verf\u00fcgbar<\/li><\/ol><h4><strong>3. Haftung und Versicherung<\/strong><\/h4><p>Reluggz bietet optional eine Versicherung \u00fcber seine Partner. Standard-Sendungen werden nicht erfasst, es sei denn, die Versicherung w\u00e4hrend der Kaufabwicklung. Reluggz ist nicht verantwortlich f\u00fcr Sch\u00e4den, Verlust oder Diebstahl sobald das Gep\u00e4ck in die H\u00e4nde der Kurier.<\/p><div id=\"mttContainer\" class=\"notranslate\" style=\"transform: translate(234px, 197px);\" aria-expanded=\"false\">\u00a0<\/div>\t\t\t\t\t\t\t\t<\/div>\n\t\t\t\t<\/div>\n\t\t\t\t\t<\/div>\n\t\t\t\t<\/div>\n\t\t\t\t<\/div>","protected":false},"excerpt":{"rendered":"<p>Terms of Use Welcome to Reluggz! By using our platform, you agree to the following terms and conditions. Please read them carefully before placing any order. 1. Service Scope Reluggz is a luggage shipping coordination platform that connects users with third-party courier services. We do not transport the items ourselves but facilitate the shipping process [&hellip;]<\/p>\n","protected":false},"author":1,"featured_media":0,"parent":0,"menu_order":0,"comment_status":"closed","ping_status":"closed","template":"","meta":{"footnotes":""},"class_list":["post-7605","page","type-page","status-publish","hentry"],"_links":{"self":[{"href":"https:\/\/reluggz.com\/de\/wp-json\/wp\/v2\/pages\/7605","targetHints":{"allow":["GET"]}}],"collection":[{"href":"https:\/\/reluggz.com\/de\/wp-json\/wp\/v2\/pages"}],"about":[{"href":"https:\/\/reluggz.com\/de\/wp-json\/wp\/v2\/types\/page"}],"author":[{"embeddable":true,"href":"https:\/\/reluggz.com\/de\/wp-json\/wp\/v2\/users\/1"}],"replies":[{"embeddable":true,"href":"https:\/\/reluggz.com\/de\/wp-json\/wp\/v2\/comments?post=7605"}],"version-history":[{"count":10,"href":"https:\/\/reluggz.com\/de\/wp-json\/wp\/v2\/pages\/7605\/revisions"}],"predecessor-version":[{"id":7900,"href":"https:\/\/reluggz.com\/de\/wp-json\/wp\/v2\/pages\/7605\/revisions\/7900"}],"wp:attachment":[{"href":"https:\/\/reluggz.com\/de\/wp-json\/wp\/v2\/media?parent=7605"}],"curies":[{"name":"wp","href":"https:\/\/api.w.org\/{rel}","templated":true}]}}