{"id":7610,"date":"2025-05-05T08:16:15","date_gmt":"2025-05-05T08:16:15","guid":{"rendered":"https:\/\/reluggz.com\/?page_id=7610"},"modified":"2025-07-08T18:49:55","modified_gmt":"2025-07-08T18:49:55","slug":"privacy-policy-2","status":"publish","type":"page","link":"https:\/\/reluggz.com\/de\/privacy-policy-2\/","title":{"rendered":"Datenschutzerkl\u00e4rung"},"content":{"rendered":"<div data-elementor-type=\"wp-page\" data-elementor-id=\"7610\" class=\"elementor elementor-7610\" data-elementor-post-type=\"page\">\n\t\t\t\t<div class=\"elementor-element elementor-element-8eddab4 e-flex e-con-boxed e-con e-parent\" data-id=\"8eddab4\" data-element_type=\"container\" data-e-type=\"container\">\n\t\t\t\t\t<div class=\"e-con-inner\">\n\t\t\t\t<div class=\"elementor-element elementor-element-94ba929 elementor-widget elementor-widget-heading\" data-id=\"94ba929\" data-element_type=\"widget\" data-e-type=\"widget\" data-widget_type=\"heading.default\">\n\t\t\t\t<div class=\"elementor-widget-container\">\n\t\t\t\t\t<h2 class=\"elementor-heading-title elementor-size-default\">Datenschutzerkl\u00e4rung<\/h2>\t\t\t\t<\/div>\n\t\t\t\t<\/div>\n\t\t\t\t<div class=\"elementor-element elementor-element-8773d33 elementor-widget elementor-widget-text-editor\" data-id=\"8773d33\" data-element_type=\"widget\" data-e-type=\"widget\" data-widget_type=\"text-editor.default\">\n\t\t\t\t<div class=\"elementor-widget-container\">\n\t\t\t\t\t\t\t\t\t<h4><strong>Ihre Privatsph\u00e4re Ist Unsere Priorit\u00e4t<\/strong><\/h4><p>Bei Reluggz, wir sind verpflichtet, Ihre pers\u00f6nlichen Daten zu sch\u00fctzen sowie Transparenz dar\u00fcber, wie es ist verwendet.<\/p><h4><strong>Was Wir Sammeln:<\/strong><\/h4><ol><li>- Kontaktdaten (Namen, E-Mail, Telefon)<\/li><li>Versand details (Abhol-und Lieferservice-Adressen)<\/li><li>Zahlung Informationen (sicher verarbeitet \u00fcber Drittanbieter-gateways)<\/li><li>Browser-und Nutzungsdaten (zur Verbesserung der Plattform, Erfahrung)<\/li><\/ol><h4><strong>Wie Wir Es Verwenden:<\/strong><\/h4><ol><li>Um Ihre Sendung zu Bearbeiten Anfragen<\/li><li>Mit Ihnen zu kommunizieren in Bezug auf Ihre Bestellung<\/li><li>Zur Bereitstellung von Kunden-support und updates<\/li><li>F\u00fcr analytics und Plattform-Verbesserungen<\/li><li>Zur Einhaltung der gesetzlichen Verpflichtungen<\/li><\/ol><p>We never sell or share your data with unauthorized third parties. Your information is stored securely and only accessed by authorized personnel.<\/p><p><strong>Ihre Rechte:<\/strong><br \/><strong>Sie k\u00f6nnen:<\/strong><\/p><ol><li>Anfrage Zugriff auf Ihre Daten<\/li><li>Berichtigung oder L\u00f6schung<\/li><li>Opt-out von marketing-E-Mails zu jeder Zeit<\/li><\/ol><p>Durch die Nutzung Reluggz, Stimmen Sie dieser Datenschutzerkl\u00e4rung.<\/p><div id=\"mttContainer\" class=\"notranslate\" style=\"transform: translate(193px, 11px);\" aria-expanded=\"false\">\u00a0<\/div>\t\t\t\t\t\t\t\t<\/div>\n\t\t\t\t<\/div>\n\t\t\t\t\t<\/div>\n\t\t\t\t<\/div>\n\t\t\t\t<\/div>","protected":false},"excerpt":{"rendered":"<p>Privacy Policy Your Privacy, Our Priority At Reluggz, we\u2019re committed to protecting your personal data and ensuring transparency about how it\u2019s used. What We Collect: Contact details (name, email, phone) Shipping details (pickup and delivery addresses) Payment information (securely processed via third-party gateways) Browser and usage data (to improve platform experience) How We Use It: [&hellip;]<\/p>\n","protected":false},"author":1,"featured_media":0,"parent":0,"menu_order":0,"comment_status":"closed","ping_status":"closed","template":"","meta":{"footnotes":""},"class_list":["post-7610","page","type-page","status-publish","hentry"],"_links":{"self":[{"href":"https:\/\/reluggz.com\/de\/wp-json\/wp\/v2\/pages\/7610","targetHints":{"allow":["GET"]}}],"collection":[{"href":"https:\/\/reluggz.com\/de\/wp-json\/wp\/v2\/pages"}],"about":[{"href":"https:\/\/reluggz.com\/de\/wp-json\/wp\/v2\/types\/page"}],"author":[{"embeddable":true,"href":"https:\/\/reluggz.com\/de\/wp-json\/wp\/v2\/users\/1"}],"replies":[{"embeddable":true,"href":"https:\/\/reluggz.com\/de\/wp-json\/wp\/v2\/comments?post=7610"}],"version-history":[{"count":7,"href":"https:\/\/reluggz.com\/de\/wp-json\/wp\/v2\/pages\/7610\/revisions"}],"predecessor-version":[{"id":7903,"href":"https:\/\/reluggz.com\/de\/wp-json\/wp\/v2\/pages\/7610\/revisions\/7903"}],"wp:attachment":[{"href":"https:\/\/reluggz.com\/de\/wp-json\/wp\/v2\/media?parent=7610"}],"curies":[{"name":"wp","href":"https:\/\/api.w.org\/{rel}","templated":true}]}}