{"id":7966,"date":"2025-09-21T19:52:36","date_gmt":"2025-09-21T19:52:36","guid":{"rendered":"https:\/\/reluggz.com\/?page_id=7966"},"modified":"2025-10-01T17:05:29","modified_gmt":"2025-10-01T17:05:29","slug":"privacy-statement","status":"publish","type":"page","link":"https:\/\/reluggz.com\/de\/privacy-statement\/","title":{"rendered":"Datenschutzerkl\u00e4rung"},"content":{"rendered":"<div data-elementor-type=\"wp-page\" data-elementor-id=\"7966\" class=\"elementor elementor-7966\" data-elementor-post-type=\"page\">\n\t\t\t\t<div class=\"elementor-element elementor-element-db4e2bb e-flex e-con-boxed e-con e-parent\" data-id=\"db4e2bb\" data-element_type=\"container\" data-e-type=\"container\">\n\t\t\t\t\t<div class=\"e-con-inner\">\n\t\t<div class=\"elementor-element elementor-element-58eb03c e-con-full e-flex e-con e-child\" data-id=\"58eb03c\" data-element_type=\"container\" data-e-type=\"container\">\n\t\t\t\t<div class=\"elementor-element elementor-element-d64377d elementor-widget elementor-widget-heading\" data-id=\"d64377d\" data-element_type=\"widget\" data-e-type=\"widget\" data-widget_type=\"heading.default\">\n\t\t\t\t<div class=\"elementor-widget-container\">\n\t\t\t\t\t<h2 class=\"elementor-heading-title elementor-size-default\">DATENSCHUTZERKL\u00c4RUNG\n<\/h2>\t\t\t\t<\/div>\n\t\t\t\t<\/div>\n\t\t\t\t<div class=\"elementor-element elementor-element-e53d9ed elementor-widget__width-initial elementor-widget-tablet__width-initial elementor-widget elementor-widget-text-editor\" data-id=\"e53d9ed\" data-element_type=\"widget\" data-e-type=\"widget\" data-widget_type=\"text-editor.default\">\n\t\t\t\t<div class=\"elementor-widget-container\">\n\t\t\t\t\t\t\t\t\tDiese Datenschutzerkl\u00e4rung erl\u00e4utert, was wir sammeln, warum wir Sie erfassen, wie wir Sie nutzen, und Ihre Entscheidungen.\t\t\t\t\t\t\t\t<\/div>\n\t\t\t\t<\/div>\n\t\t\t\t<div class=\"elementor-element elementor-element-b391130 elementor-widget elementor-widget-heading\" data-id=\"b391130\" data-element_type=\"widget\" data-e-type=\"widget\" data-widget_type=\"heading.default\">\n\t\t\t\t<div class=\"elementor-widget-container\">\n\t\t\t\t\t<h2 class=\"elementor-heading-title elementor-size-default\">Wer wir sind.\n<\/h2>\t\t\t\t<\/div>\n\t\t\t\t<\/div>\n\t\t\t\t<div class=\"elementor-element elementor-element-ad5ba1f elementor-widget__width-initial elementor-widget-tablet__width-initial elementor-widget elementor-widget-text-editor\" data-id=\"ad5ba1f\" data-element_type=\"widget\" data-e-type=\"widget\" data-widget_type=\"text-editor.default\">\n\t\t\t\t<div class=\"elementor-widget-container\">\n\t\t\t\t\t\t\t\t\tReluggz.com ist eine Plattform f\u00fcr die Anordnung der Versand. Sie erreichen uns unter privacy@reluggz.com.\n\t\t\t\t\t\t\t\t<\/div>\n\t\t\t\t<\/div>\n\t\t\t\t<div class=\"elementor-element elementor-element-b4a7035 elementor-widget elementor-widget-heading\" data-id=\"b4a7035\" data-element_type=\"widget\" data-e-type=\"widget\" data-widget_type=\"heading.default\">\n\t\t\t\t<div class=\"elementor-widget-container\">\n\t\t\t\t\t<h2 class=\"elementor-heading-title elementor-size-default\">Was wir sammeln.<\/h2>\t\t\t\t<\/div>\n\t\t\t\t<\/div>\n\t\t\t\t<div class=\"elementor-element elementor-element-c6422bb elementor-widget__width-initial elementor-widget-tablet__width-initial elementor-widget elementor-widget-text-editor\" data-id=\"c6422bb\" data-element_type=\"widget\" data-e-type=\"widget\" data-widget_type=\"text-editor.default\">\n\t\t\t\t<div class=\"elementor-widget-container\">\n\t\t\t\t\t\t\t\t\t<ol><li><span style=\"font-weight: 400;\">\u2013 Identit\u00e4t und Kontaktdaten: name, E-Mail, Telefon.<\/span><\/li><li><span style=\"font-weight: 400;\">\u2013 Adressen: Liefer-und Rechnungsadressen; pickup\/delivery locations.<\/span><\/li><li><span style=\"font-weight: 400;\">\u2013 Order details: Paket Gewicht\/Abmessungen service-Optionen, Preis, tracking zahlen.<\/span><\/li><li><span style=\"font-weight: 400;\">\u2013 Payment status: Erfolg\/Misserfolg R\u00fcckmeldungen von unseren Prozessor (wir speichern keine vollst\u00e4ndigen Kreditkartennummern).<\/span><\/li><li><span style=\"font-weight: 400;\">\u2013 Accountdaten: login-Anmeldeinformationen (hashed), Einstellungen, Kommunikations-Geschichte.<\/span><\/li><li><span style=\"font-weight: 400;\">\u2013 Technische Daten: IP-Adresse, Ger\u00e4te - \/browser-info, cookies und \u00e4hnliche Technologien f\u00fcr grundlegende Website-Funktionen und Analysen.<\/span><\/li><\/ol>\t\t\t\t\t\t\t\t<\/div>\n\t\t\t\t<\/div>\n\t\t\t\t<div class=\"elementor-element elementor-element-9b62c5d elementor-widget elementor-widget-heading\" data-id=\"9b62c5d\" data-element_type=\"widget\" data-e-type=\"widget\" data-widget_type=\"heading.default\">\n\t\t\t\t<div class=\"elementor-widget-container\">\n\t\t\t\t\t<h2 class=\"elementor-heading-title elementor-size-default\">Warum erheben wir (Rechtsgrundlagen).\n<\/h2>\t\t\t\t<\/div>\n\t\t\t\t<\/div>\n\t\t\t\t<div class=\"elementor-element elementor-element-33989bb elementor-widget__width-initial elementor-widget-tablet__width-initial elementor-widget elementor-widget-text-editor\" data-id=\"33989bb\" data-element_type=\"widget\" data-e-type=\"widget\" data-widget_type=\"text-editor.default\">\n\t\t\t\t<div class=\"elementor-widget-container\">\n\t\t\t\t\t\t\t\t\t<ol><li><span style=\"font-weight: 400;\">\u2013 Zur Erf\u00fcllung unseres Vertrages mit Ihnen (Bestellungen, die Lieferung, unterst\u00fctzen).<\/span><\/li><li><span style=\"font-weight: 400;\">\u2013 Zur Einhaltung der gesetzlichen Verpflichtungen (tax\/accounting, fraud prevention).<\/span><\/li><li><span style=\"font-weight: 400;\">\u2013 F\u00fcr unsere legitimen Interessen (Verbesserung der Dienstleistungen, der Verhinderung von Missbrauch).<\/span><\/li><li><span style=\"font-weight: 400;\">\u2013 Mit Ihrer Einwilligung (z.B., marketing-E-Mails). Sie k\u00f6nnen die Einwilligung jederzeit widerrufen.<\/span><\/li><\/ol>\t\t\t\t\t\t\t\t<\/div>\n\t\t\t\t<\/div>\n\t\t\t\t<div class=\"elementor-element elementor-element-a0d9806 elementor-widget elementor-widget-heading\" data-id=\"a0d9806\" data-element_type=\"widget\" data-e-type=\"widget\" data-widget_type=\"heading.default\">\n\t\t\t\t<div class=\"elementor-widget-container\">\n\t\t\t\t\t<h2 class=\"elementor-heading-title elementor-size-default\">Wie wir Sie nutzen und zu teilen.\n<\/h2>\t\t\t\t<\/div>\n\t\t\t\t<\/div>\n\t\t\t\t<div class=\"elementor-element elementor-element-8a2c363 elementor-widget__width-initial elementor-widget-tablet__width-initial elementor-widget elementor-widget-text-editor\" data-id=\"8a2c363\" data-element_type=\"widget\" data-e-type=\"widget\" data-widget_type=\"text-editor.default\">\n\t\t\t\t<div class=\"elementor-widget-container\">\n\t\t\t\t\t\t\t\t\tWir verwenden Ihre Daten, um Ihre Auftr\u00e4ge zu, kommunizieren, updates und den service zu verbessern. Wir teilen nur das, was notwendig ist, mit vertrauensw\u00fcrdigen Anbietern (z.B., Kuriere f\u00fcr die Lieferung von Adressen, die Bezahlung der Prozessoren f\u00fcr die Zahlung Autorisierung; E-Mail - \/SMS-Anbietern f\u00fcr Benachrichtigungen). Wir tun nicht verkaufen Sie Ihre pers\u00f6nlichen Daten.\t\t\t\t\t\t\t\t<\/div>\n\t\t\t\t<\/div>\n\t\t\t\t<div class=\"elementor-element elementor-element-495f32c elementor-widget elementor-widget-heading\" data-id=\"495f32c\" data-element_type=\"widget\" data-e-type=\"widget\" data-widget_type=\"heading.default\">\n\t\t\t\t<div class=\"elementor-widget-container\">\n\t\t\t\t\t<h2 class=\"elementor-heading-title elementor-size-default\">Marketing-Entscheidungen.\n<\/h2>\t\t\t\t<\/div>\n\t\t\t\t<\/div>\n\t\t\t\t<div class=\"elementor-element elementor-element-5947613 elementor-widget__width-initial elementor-widget-tablet__width-initial elementor-widget elementor-widget-text-editor\" data-id=\"5947613\" data-element_type=\"widget\" data-e-type=\"widget\" data-widget_type=\"text-editor.default\">\n\t\t\t\t<div class=\"elementor-widget-container\">\n\t\t\t\t\t\t\t\t\tSie k\u00f6nnen opt-in f\u00fcr marketing. Sie k\u00f6nnen opt-out jederzeit \u00fcber den link &#034;Abmelden&#034; oder per E-Mail privacy@reluggz.com. Transaktions-E-Mails (Auftragsbest\u00e4tigungen, Liefer-updates) wird noch immer gesendet werden.\t\t\t\t\t\t\t\t<\/div>\n\t\t\t\t<\/div>\n\t\t\t\t<div class=\"elementor-element elementor-element-0aaad83 elementor-widget elementor-widget-heading\" data-id=\"0aaad83\" data-element_type=\"widget\" data-e-type=\"widget\" data-widget_type=\"heading.default\">\n\t\t\t\t<div class=\"elementor-widget-container\">\n\t\t\t\t\t<h2 class=\"elementor-heading-title elementor-size-default\">Retention.\n<\/h2>\t\t\t\t<\/div>\n\t\t\t\t<\/div>\n\t\t\t\t<div class=\"elementor-element elementor-element-dce7311 elementor-widget__width-initial elementor-widget-tablet__width-initial elementor-widget elementor-widget-text-editor\" data-id=\"dce7311\" data-element_type=\"widget\" data-e-type=\"widget\" data-widget_type=\"text-editor.default\">\n\t\t\t\t<div class=\"elementor-widget-container\">\n\t\t\t\t\t\t\t\t\tWir bewahren Daten nur so lange, wie erforderlich: in der Regel bis zu 6 Jahre f\u00fcr Rechnungen\/financial records (legal requirement), und k\u00fcrzer f\u00fcr die operative Protokolle, es sei denn, ein l\u00e4ngerer Zeitraum erforderlich ist, um Streitigkeiten beizulegen oder Erf\u00fcllung gesetzlicher Pflichten.\n\t\t\t\t\t\t\t\t<\/div>\n\t\t\t\t<\/div>\n\t\t\t\t<div class=\"elementor-element elementor-element-9055488 elementor-widget elementor-widget-heading\" data-id=\"9055488\" data-element_type=\"widget\" data-e-type=\"widget\" data-widget_type=\"heading.default\">\n\t\t\t\t<div class=\"elementor-widget-container\">\n\t\t\t\t\t<h2 class=\"elementor-heading-title elementor-size-default\">Internationale transfers.\n<\/h2>\t\t\t\t<\/div>\n\t\t\t\t<\/div>\n\t\t\t\t<div class=\"elementor-element elementor-element-7ed1e66 elementor-widget__width-initial elementor-widget-tablet__width-initial elementor-widget elementor-widget-text-editor\" data-id=\"7ed1e66\" data-element_type=\"widget\" data-e-type=\"widget\" data-widget_type=\"text-editor.default\">\n\t\t\t\t<div class=\"elementor-widget-container\">\n\t\t\t\t\t\t\t\t\tWenn die Anbieter verarbeiten die Daten au\u00dferhalb Ihres Landes verwenden wir geeignete Garantien (vertragliche Klauseln, Sicherheitsma\u00dfnahmen).\n\t\t\t\t\t\t\t\t<\/div>\n\t\t\t\t<\/div>\n\t\t\t\t<div class=\"elementor-element elementor-element-d5ab712 elementor-widget elementor-widget-heading\" data-id=\"d5ab712\" data-element_type=\"widget\" data-e-type=\"widget\" data-widget_type=\"heading.default\">\n\t\t\t\t<div class=\"elementor-widget-container\">\n\t\t\t\t\t<h2 class=\"elementor-heading-title elementor-size-default\">Ihre Rechte.\n<\/h2>\t\t\t\t<\/div>\n\t\t\t\t<\/div>\n\t\t\t\t<div class=\"elementor-element elementor-element-dcbf10f elementor-widget__width-initial elementor-widget-tablet__width-initial elementor-widget elementor-widget-text-editor\" data-id=\"dcbf10f\" data-element_type=\"widget\" data-e-type=\"widget\" data-widget_type=\"text-editor.default\">\n\t\t\t\t<div class=\"elementor-widget-container\">\n\t\t\t\t\t\t\t\t\tVorbehaltlich des geltenden rechts k\u00f6nnen Sie einen Antrag auf Zugriff, Berichtigung, L\u00f6schung, Einschr\u00e4nkung, Portabilit\u00e4t oder ein Objekt, um die Verarbeitung. Kontakt privacy@reluggz.com. Wir Antworten Ihnen innerhalb des gesetzlich festgelegten Zeitrahmens.\n\t\t\t\t\t\t\t\t<\/div>\n\t\t\t\t<\/div>\n\t\t\t\t<div class=\"elementor-element elementor-element-856fc7b elementor-widget elementor-widget-heading\" data-id=\"856fc7b\" data-element_type=\"widget\" data-e-type=\"widget\" data-widget_type=\"heading.default\">\n\t\t\t\t<div class=\"elementor-widget-container\">\n\t\t\t\t\t<h2 class=\"elementor-heading-title elementor-size-default\">Die Privatsph\u00e4re von Kindern.\n<\/h2>\t\t\t\t<\/div>\n\t\t\t\t<\/div>\n\t\t\t\t<div class=\"elementor-element elementor-element-01dfd57 elementor-widget__width-initial elementor-widget-tablet__width-initial elementor-widget elementor-widget-text-editor\" data-id=\"01dfd57\" data-element_type=\"widget\" data-e-type=\"widget\" data-widget_type=\"text-editor.default\">\n\t\t\t\t<div class=\"elementor-widget-container\">\n\t\t\t\t\t\t\t\t\tUnser Dienst richtet sich nicht an Kinder unter 16. Wir tun nicht wissentlich sammeln Ihre Daten.\n\t\t\t\t\t\t\t\t<\/div>\n\t\t\t\t<\/div>\n\t\t\t\t<div class=\"elementor-element elementor-element-bafce9d elementor-widget elementor-widget-heading\" data-id=\"bafce9d\" data-element_type=\"widget\" data-e-type=\"widget\" data-widget_type=\"heading.default\">\n\t\t\t\t<div class=\"elementor-widget-container\">\n\t\t\t\t\t<h2 class=\"elementor-heading-title elementor-size-default\">Updates.\n<\/h2>\t\t\t\t<\/div>\n\t\t\t\t<\/div>\n\t\t\t\t<div class=\"elementor-element elementor-element-55d84ff elementor-widget__width-initial elementor-widget-tablet__width-initial elementor-widget elementor-widget-text-editor\" data-id=\"55d84ff\" data-element_type=\"widget\" data-e-type=\"widget\" data-widget_type=\"text-editor.default\">\n\t\t\t\t<div class=\"elementor-widget-container\">\n\t\t\t\t\t\t\t\t\tM\u00f6glicherweise aktualisieren wir diese Datenschutzerkl\u00e4rung; wir werden \u00e4nderungen mit einer neuen &#034;Zuletzt aktualisiert&#034; - Datum.\n\t\t\t\t\t\t\t\t<\/div>\n\t\t\t\t<\/div>\n\t\t\t\t<\/div>\n\t\t\t\t\t<\/div>\n\t\t\t\t<\/div>\n\t\t\t\t<\/div>","protected":false},"excerpt":{"rendered":"<p>PRIVACY STATEMENT This Privacy Statement explains what we collect, why we collect it, how we use it, and your choices. Who we are. Reluggz.com is a platform for arranging shipping services. You can reach us at privacy@reluggz.com. What we collect. &#8211; Identity and contact: name, email, phone. &#8211; Addresses: shipping and billing addresses; pickup\/delivery locations. [&hellip;]<\/p>\n","protected":false},"author":1,"featured_media":0,"parent":0,"menu_order":0,"comment_status":"closed","ping_status":"closed","template":"","meta":{"footnotes":""},"class_list":["post-7966","page","type-page","status-publish","hentry"],"_links":{"self":[{"href":"https:\/\/reluggz.com\/de\/wp-json\/wp\/v2\/pages\/7966","targetHints":{"allow":["GET"]}}],"collection":[{"href":"https:\/\/reluggz.com\/de\/wp-json\/wp\/v2\/pages"}],"about":[{"href":"https:\/\/reluggz.com\/de\/wp-json\/wp\/v2\/types\/page"}],"author":[{"embeddable":true,"href":"https:\/\/reluggz.com\/de\/wp-json\/wp\/v2\/users\/1"}],"replies":[{"embeddable":true,"href":"https:\/\/reluggz.com\/de\/wp-json\/wp\/v2\/comments?post=7966"}],"version-history":[{"count":10,"href":"https:\/\/reluggz.com\/de\/wp-json\/wp\/v2\/pages\/7966\/revisions"}],"predecessor-version":[{"id":7995,"href":"https:\/\/reluggz.com\/de\/wp-json\/wp\/v2\/pages\/7966\/revisions\/7995"}],"wp:attachment":[{"href":"https:\/\/reluggz.com\/de\/wp-json\/wp\/v2\/media?parent=7966"}],"curies":[{"name":"wp","href":"https:\/\/api.w.org\/{rel}","templated":true}]}}