{"id":7968,"date":"2025-09-21T19:52:51","date_gmt":"2025-09-21T19:52:51","guid":{"rendered":"https:\/\/reluggz.com\/?page_id=7968"},"modified":"2025-10-01T18:00:01","modified_gmt":"2025-10-01T18:00:01","slug":"terms-of-purchase-refunds","status":"publish","type":"page","link":"https:\/\/reluggz.com\/de\/terms-of-purchase-refunds\/","title":{"rendered":"Bezug auf Kauf &amp; Erstattung"},"content":{"rendered":"<div data-elementor-type=\"wp-page\" data-elementor-id=\"7968\" class=\"elementor elementor-7968\" data-elementor-post-type=\"page\">\n\t\t\t\t<div class=\"elementor-element elementor-element-962cc7c e-flex e-con-boxed e-con e-parent\" data-id=\"962cc7c\" data-element_type=\"container\" data-e-type=\"container\">\n\t\t\t\t\t<div class=\"e-con-inner\">\n\t\t<div class=\"elementor-element elementor-element-5f3b4c1 e-con-full e-flex e-con e-child\" data-id=\"5f3b4c1\" data-element_type=\"container\" data-e-type=\"container\">\n\t\t\t\t<div class=\"elementor-element elementor-element-9285aa1 elementor-widget elementor-widget-heading\" data-id=\"9285aa1\" data-element_type=\"widget\" data-e-type=\"widget\" data-widget_type=\"heading.default\">\n\t\t\t\t<div class=\"elementor-widget-container\">\n\t\t\t\t\t<h2 class=\"elementor-heading-title elementor-size-default\">BEZUG AUF KAUF &amp; ERSTATTUNG\n<\/h2>\t\t\t\t<\/div>\n\t\t\t\t<\/div>\n\t\t\t\t<div class=\"elementor-element elementor-element-fe6d406 elementor-widget__width-initial elementor-widget-tablet__width-initial elementor-widget elementor-widget-text-editor\" data-id=\"fe6d406\" data-element_type=\"widget\" data-e-type=\"widget\" data-widget_type=\"text-editor.default\">\n\t\t\t\t<div class=\"elementor-widget-container\">\n\t\t\t\t\t\t\t\t\tBitte Lesen Sie diese Bedingungen vor der Bestellung auf Reluggz.com.\n\t\t\t\t\t\t\t\t<\/div>\n\t\t\t\t<\/div>\n\t\t\t\t<div class=\"elementor-element elementor-element-6b517c0 elementor-widget elementor-widget-heading\" data-id=\"6b517c0\" data-element_type=\"widget\" data-e-type=\"widget\" data-widget_type=\"heading.default\">\n\t\t\t\t<div class=\"elementor-widget-container\">\n\t\t\t\t\t<h2 class=\"elementor-heading-title elementor-size-default\">1. Leistungen und Umfang.\n<\/h2>\t\t\t\t<\/div>\n\t\t\t\t<\/div>\n\t\t\t\t<div class=\"elementor-element elementor-element-f3fa02c elementor-widget__width-initial elementor-widget-tablet__width-initial elementor-widget elementor-widget-text-editor\" data-id=\"f3fa02c\" data-element_type=\"widget\" data-e-type=\"widget\" data-widget_type=\"text-editor.default\">\n\t\t\t\t<div class=\"elementor-widget-container\">\n\t\t\t\t\t\t\t\t\tReluggz.com erm\u00f6glicht Sie zu Buch die Versand\/Paket-Dienste. Eigentliche transport und die Lieferung kann auch durchgef\u00fchrt werden, indem Sie third-party Carrier.\n\t\t\t\t\t\t\t\t<\/div>\n\t\t\t\t<\/div>\n\t\t\t\t<div class=\"elementor-element elementor-element-9fb00c0 elementor-widget elementor-widget-heading\" data-id=\"9fb00c0\" data-element_type=\"widget\" data-e-type=\"widget\" data-widget_type=\"heading.default\">\n\t\t\t\t<div class=\"elementor-widget-container\">\n\t\t\t\t\t<h2 class=\"elementor-heading-title elementor-size-default\">2. Preise und Steuern.\n<\/h2>\t\t\t\t<\/div>\n\t\t\t\t<\/div>\n\t\t\t\t<div class=\"elementor-element elementor-element-a75e439 elementor-widget__width-initial elementor-widget-tablet__width-initial elementor-widget elementor-widget-text-editor\" data-id=\"a75e439\" data-element_type=\"widget\" data-e-type=\"widget\" data-widget_type=\"text-editor.default\">\n\t\t\t\t<div class=\"elementor-widget-container\">\n\t\t\t\t\t\t\t\t\tDie Preise sind in der BAM und enthalten die gesetzliche Steuern, sofern nicht anders angegeben. Zollgeb\u00fchren, Importsteuern oder lokalen Geb\u00fchren in Ziel sind die Empf\u00e4nger verantwortlich.\n\t\t\t\t\t\t\t\t<\/div>\n\t\t\t\t<\/div>\n\t\t\t\t<div class=\"elementor-element elementor-element-c785aff elementor-widget elementor-widget-heading\" data-id=\"c785aff\" data-element_type=\"widget\" data-e-type=\"widget\" data-widget_type=\"heading.default\">\n\t\t\t\t<div class=\"elementor-widget-container\">\n\t\t\t\t\t<h2 class=\"elementor-heading-title elementor-size-default\">3. Zahlung Methoden.\n<\/h2>\t\t\t\t<\/div>\n\t\t\t\t<\/div>\n\t\t\t\t<div class=\"elementor-element elementor-element-acebe39 elementor-widget__width-initial elementor-widget-tablet__width-initial elementor-widget elementor-widget-text-editor\" data-id=\"acebe39\" data-element_type=\"widget\" data-e-type=\"widget\" data-widget_type=\"text-editor.default\">\n\t\t\t\t<div class=\"elementor-widget-container\">\n\t\t\t\t\t\t\t\t\tWir akzeptieren debit - \/Kreditkarten verarbeitet \u00fcber Monri. Zus\u00e4tzliche Methoden (falls vorhanden) werden angezeigt an der Kasse.\n\t\t\t\t\t\t\t\t<\/div>\n\t\t\t\t<\/div>\n\t\t\t\t<div class=\"elementor-element elementor-element-33d378b elementor-widget elementor-widget-heading\" data-id=\"33d378b\" data-element_type=\"widget\" data-e-type=\"widget\" data-widget_type=\"heading.default\">\n\t\t\t\t<div class=\"elementor-widget-container\">\n\t\t\t\t\t<h2 class=\"elementor-heading-title elementor-size-default\">4. AUFTRAGSBEST\u00c4TIGUNG und Vertragsabschluss.\n<\/h2>\t\t\t\t<\/div>\n\t\t\t\t<\/div>\n\t\t\t\t<div class=\"elementor-element elementor-element-0bdf2b2 elementor-widget__width-initial elementor-widget-tablet__width-initial elementor-widget elementor-widget-text-editor\" data-id=\"0bdf2b2\" data-element_type=\"widget\" data-e-type=\"widget\" data-widget_type=\"text-editor.default\">\n\t\t\t\t<div class=\"elementor-widget-container\">\n\t\t\t\t\t\t\t\t\tNach dem checkout erhalten Sie eine Best\u00e4tigung per E-Mail mit den Einzelheiten des Dienstes. Der Vertrag kommt zustande, wenn Zahlung erfolgreich autorisiert und wir Ihre Bestellung annehmen.\n\t\t\t\t\t\t\t\t<\/div>\n\t\t\t\t<\/div>\n\t\t\t\t<div class=\"elementor-element elementor-element-a5dd333 elementor-widget elementor-widget-heading\" data-id=\"a5dd333\" data-element_type=\"widget\" data-e-type=\"widget\" data-widget_type=\"heading.default\">\n\t\t\t\t<div class=\"elementor-widget-container\">\n\t\t\t\t\t<h2 class=\"elementor-heading-title elementor-size-default\">5. Lieferung Zeitpl\u00e4ne.\n<\/h2>\t\t\t\t<\/div>\n\t\t\t\t<\/div>\n\t\t\t\t<div class=\"elementor-element elementor-element-dcda64e elementor-widget__width-initial elementor-widget-tablet__width-initial elementor-widget elementor-widget-text-editor\" data-id=\"dcda64e\" data-element_type=\"widget\" data-e-type=\"widget\" data-widget_type=\"text-editor.default\">\n\t\t\t\t<div class=\"elementor-widget-container\">\n\t\t\t\t\t\t\t\t\tGesch\u00e4tzte Lieferung mal sind gezeigt w\u00e4hrend der Kaufabwicklung und in Abh\u00e4ngigkeit vom ausgew\u00e4hlten service pickup\/Lieferung-Adressen, Gewohnheiten, Wetter, und Tr\u00e4ger Kapazit\u00e4t. Sch\u00e4tzungen sind nicht garantiert.\n\t\t\t\t\t\t\t\t<\/div>\n\t\t\t\t<\/div>\n\t\t\t\t<div class=\"elementor-element elementor-element-6c01aa2 elementor-widget elementor-widget-heading\" data-id=\"6c01aa2\" data-element_type=\"widget\" data-e-type=\"widget\" data-widget_type=\"heading.default\">\n\t\t\t\t<div class=\"elementor-widget-container\">\n\t\t\t\t\t<h2 class=\"elementor-heading-title elementor-size-default\">6. Verantwortung des Kunden.\n<\/h2>\t\t\t\t<\/div>\n\t\t\t\t<\/div>\n\t\t\t\t<div class=\"elementor-element elementor-element-2f94a73 elementor-widget__width-initial elementor-widget-tablet__width-initial elementor-widget elementor-widget-text-editor\" data-id=\"2f94a73\" data-element_type=\"widget\" data-e-type=\"widget\" data-widget_type=\"text-editor.default\">\n\t\t\t\t<div class=\"elementor-widget-container\">\n\t\t\t\t\t\t\t\t\tSie sind daf\u00fcr verantwortlich, genaue Adressen, die Verpackung in \u00fcbereinstimmung mit den Frachtf\u00fchrer Regeln, die richtige Deklaration des Inhalts\/des Gewichts und die Einhaltung von verboten-items-Listen. M\u00f6glicherweise f\u00e4llt eine Geb\u00fchr an, wenn die Sendung ist misdeclared erfordert oder re-Lieferung.\n\t\t\t\t\t\t\t\t<\/div>\n\t\t\t\t<\/div>\n\t\t\t\t<div class=\"elementor-element elementor-element-8522bd8 elementor-widget elementor-widget-heading\" data-id=\"8522bd8\" data-element_type=\"widget\" data-e-type=\"widget\" data-widget_type=\"heading.default\">\n\t\t\t\t<div class=\"elementor-widget-container\">\n\t\t\t\t\t<h2 class=\"elementor-heading-title elementor-size-default\">7. Widerrufsbelehrung (Fernabsatz).\n<\/h2>\t\t\t\t<\/div>\n\t\t\t\t<\/div>\n\t\t\t\t<div class=\"elementor-element elementor-element-cadd4ac elementor-widget__width-initial elementor-widget-tablet__width-initial elementor-widget elementor-widget-text-editor\" data-id=\"cadd4ac\" data-element_type=\"widget\" data-e-type=\"widget\" data-widget_type=\"text-editor.default\">\n\t\t\t\t<div class=\"elementor-widget-container\">\n\t\t\t\t\t\t\t\t\tSie d\u00fcrfen R\u00fccktritt innerhalb von 14 Tagen, wenn der Dienst bereits vollst\u00e4ndig erbracht oder begonnen mit Ihrer ausdr\u00fccklichen Zustimmung.\n\t\t\t\t\t\t\t\t<\/div>\n\t\t\t\t<\/div>\n\t\t\t\t<div class=\"elementor-element elementor-element-d837d0a elementor-widget elementor-widget-heading\" data-id=\"d837d0a\" data-element_type=\"widget\" data-e-type=\"widget\" data-widget_type=\"heading.default\">\n\t\t\t\t<div class=\"elementor-widget-container\">\n\t\t\t\t\t<h2 class=\"elementor-heading-title elementor-size-default\">8. Stornierungen, R\u00fccksendungen und R\u00fcckerstattungen.\n<\/h2>\t\t\t\t<\/div>\n\t\t\t\t<\/div>\n\t\t\t\t<div class=\"elementor-element elementor-element-6af4b2e elementor-widget__width-initial elementor-widget-tablet__width-initial elementor-widget elementor-widget-text-editor\" data-id=\"6af4b2e\" data-element_type=\"widget\" data-e-type=\"widget\" data-widget_type=\"text-editor.default\">\n\t\t\t\t<div class=\"elementor-widget-container\">\n\t\t\t\t\t\t\t\t\t<p>Vor Abholung: Sie k\u00f6nnen die L\u00f6schung; wir werden versuchen zu stornieren, mit dem Tr\u00e4ger und R\u00fcckerstattung, wenn m\u00f6glich.<br \/>Nach der Abholung: eine R\u00fcckzahlung ist abh\u00e4ngig vom carrier-Begriffe und Untersuchungsverfahren.<\/p>\t\t\t\t\t\t\t\t<\/div>\n\t\t\t\t<\/div>\n\t\t\t\t<div class=\"elementor-element elementor-element-3040b10 elementor-widget elementor-widget-heading\" data-id=\"3040b10\" data-element_type=\"widget\" data-e-type=\"widget\" data-widget_type=\"heading.default\">\n\t\t\t\t<div class=\"elementor-widget-container\">\n\t\t\t\t\t<h2 class=\"elementor-heading-title elementor-size-default\">9. Verlust oder Schaden Anspr\u00fcche.\n<\/h2>\t\t\t\t<\/div>\n\t\t\t\t<\/div>\n\t\t\t\t<div class=\"elementor-element elementor-element-5d0b6bb elementor-widget__width-initial elementor-widget-tablet__width-initial elementor-widget elementor-widget-text-editor\" data-id=\"5d0b6bb\" data-element_type=\"widget\" data-e-type=\"widget\" data-widget_type=\"text-editor.default\">\n\t\t\t\t<div class=\"elementor-widget-container\">\n\t\t\t\t\t\t\t\t\tBericht Verlust oder Besch\u00e4digung unverz\u00fcglich und innerhalb der Spediteur die Forderung Fenster (oft 7-14 Tage ab Lieferung\/erwartete Lieferung). Fotos, der Verpackung und der Beweis-Wert.\n\t\t\t\t\t\t\t\t<\/div>\n\t\t\t\t<\/div>\n\t\t\t\t<div class=\"elementor-element elementor-element-6ce7c4e elementor-widget elementor-widget-heading\" data-id=\"6ce7c4e\" data-element_type=\"widget\" data-e-type=\"widget\" data-widget_type=\"heading.default\">\n\t\t\t\t<div class=\"elementor-widget-container\">\n\t\t\t\t\t<h2 class=\"elementor-heading-title elementor-size-default\">10. Gew\u00e4hrleistungsanspr\u00fcche.\n<\/h2>\t\t\t\t<\/div>\n\t\t\t\t<\/div>\n\t\t\t\t<div class=\"elementor-element elementor-element-166b7bc elementor-widget__width-initial elementor-widget-tablet__width-initial elementor-widget elementor-widget-text-editor\" data-id=\"166b7bc\" data-element_type=\"widget\" data-e-type=\"widget\" data-widget_type=\"text-editor.default\">\n\t\t\t\t<div class=\"elementor-widget-container\">\n\t\t\t\t\t\t\t\t\tDienstleistungen mit angemessener Sachkenntnis und Sorgfalt im Einklang mit den carrier-standards. Wir tun nicht garantieren die Lieferung Zeit.\n\t\t\t\t\t\t\t\t<\/div>\n\t\t\t\t<\/div>\n\t\t\t\t<div class=\"elementor-element elementor-element-2826d7c elementor-widget elementor-widget-heading\" data-id=\"2826d7c\" data-element_type=\"widget\" data-e-type=\"widget\" data-widget_type=\"heading.default\">\n\t\t\t\t<div class=\"elementor-widget-container\">\n\t\t\t\t\t<h2 class=\"elementor-heading-title elementor-size-default\">11. Streitigkeiten und Anwendbares Recht.\n<\/h2>\t\t\t\t<\/div>\n\t\t\t\t<\/div>\n\t\t\t\t<div class=\"elementor-element elementor-element-f7af358 elementor-widget__width-initial elementor-widget-tablet__width-initial elementor-widget elementor-widget-text-editor\" data-id=\"f7af358\" data-element_type=\"widget\" data-e-type=\"widget\" data-widget_type=\"text-editor.default\">\n\t\t\t\t<div class=\"elementor-widget-container\">\n\t\t\t\t\t\t\t\t\tDiese Bedingungen unterliegen den Gesetzen von Bosnien und Herzegowina; Gerichtsstand Trebinje, es sei denn, zwingende Verbraucherschutzvorschriften entgegenstehen.\n\t\t\t\t\t\t\t\t<\/div>\n\t\t\t\t<\/div>\n\t\t\t\t<\/div>\n\t\t\t\t\t<\/div>\n\t\t\t\t<\/div>\n\t\t\t\t<\/div>","protected":false},"excerpt":{"rendered":"<p>TERMS OF PURCHASE &amp; REFUNDS Please read these terms before placing an order on Reluggz.com. 1. Services and scope. Reluggz.com enables you to book shipping\/parcel services. Actual transport and delivery may be performed by third-party carriers. 2. Prices and taxes. Prices are shown in BAM and include applicable taxes unless stated otherwise. Any customs duties, [&hellip;]<\/p>\n","protected":false},"author":1,"featured_media":0,"parent":0,"menu_order":0,"comment_status":"closed","ping_status":"closed","template":"","meta":{"footnotes":""},"class_list":["post-7968","page","type-page","status-publish","hentry"],"_links":{"self":[{"href":"https:\/\/reluggz.com\/de\/wp-json\/wp\/v2\/pages\/7968","targetHints":{"allow":["GET"]}}],"collection":[{"href":"https:\/\/reluggz.com\/de\/wp-json\/wp\/v2\/pages"}],"about":[{"href":"https:\/\/reluggz.com\/de\/wp-json\/wp\/v2\/types\/page"}],"author":[{"embeddable":true,"href":"https:\/\/reluggz.com\/de\/wp-json\/wp\/v2\/users\/1"}],"replies":[{"embeddable":true,"href":"https:\/\/reluggz.com\/de\/wp-json\/wp\/v2\/comments?post=7968"}],"version-history":[{"count":10,"href":"https:\/\/reluggz.com\/de\/wp-json\/wp\/v2\/pages\/7968\/revisions"}],"predecessor-version":[{"id":8017,"href":"https:\/\/reluggz.com\/de\/wp-json\/wp\/v2\/pages\/7968\/revisions\/8017"}],"wp:attachment":[{"href":"https:\/\/reluggz.com\/de\/wp-json\/wp\/v2\/media?parent=7968"}],"curies":[{"name":"wp","href":"https:\/\/api.w.org\/{rel}","templated":true}]}}