{"id":7975,"date":"2025-10-01T16:36:51","date_gmt":"2025-10-01T16:36:51","guid":{"rendered":"https:\/\/reluggz.com\/?page_id=7975"},"modified":"2025-10-02T10:05:52","modified_gmt":"2025-10-02T10:05:52","slug":"payment-security-2","status":"publish","type":"page","link":"https:\/\/reluggz.com\/de\/payment-security-2\/","title":{"rendered":"Payment security"},"content":{"rendered":"<div data-elementor-type=\"wp-page\" data-elementor-id=\"7975\" class=\"elementor elementor-7975\" data-elementor-post-type=\"page\">\n\t\t\t\t<div class=\"elementor-element elementor-element-e0492d1 e-flex e-con-boxed e-con e-parent\" data-id=\"e0492d1\" data-element_type=\"container\" data-e-type=\"container\">\n\t\t\t\t\t<div class=\"e-con-inner\">\n\t\t<div class=\"elementor-element elementor-element-0d24af0 e-con-full e-flex e-con e-child\" data-id=\"0d24af0\" data-element_type=\"container\" data-e-type=\"container\">\n\t\t\t\t<div class=\"elementor-element elementor-element-767f9a9 elementor-widget elementor-widget-heading\" data-id=\"767f9a9\" data-element_type=\"widget\" data-e-type=\"widget\" data-widget_type=\"heading.default\">\n\t\t\t\t<div class=\"elementor-widget-container\">\n\t\t\t\t\t<h2 class=\"elementor-heading-title elementor-size-default\">ZAHLUNG SICHERHEIT\n<\/h2>\t\t\t\t<\/div>\n\t\t\t\t<\/div>\n\t\t\t\t<div class=\"elementor-element elementor-element-fe7f5c1 elementor-widget__width-initial elementor-widget-tablet__width-initial elementor-widget elementor-widget-text-editor\" data-id=\"fe7f5c1\" data-element_type=\"widget\" data-e-type=\"widget\" data-widget_type=\"text-editor.default\">\n\t\t\t\t<div class=\"elementor-widget-container\">\n\t\t\t\t\t\t\t\t\tIhre Sicherheit steht an Erster Stelle bei Reluggz.com. Wir nutzen mehrere, vielschichtige Sicherheitsma\u00dfnahmen, um Ihre Daten zu sch\u00fctzen, bei jedem Schritt der Kaufabwicklung.\n\t\t\t\t\t\t\t\t<\/div>\n\t\t\t\t<\/div>\n\t\t\t\t<div class=\"elementor-element elementor-element-61e99aa elementor-widget elementor-widget-heading\" data-id=\"61e99aa\" data-element_type=\"widget\" data-e-type=\"widget\" data-widget_type=\"heading.default\">\n\t\t\t\t<div class=\"elementor-widget-container\">\n\t\t\t\t\t<h2 class=\"elementor-heading-title elementor-size-default\">Transport security (SSL\/TLS).\n<\/h2>\t\t\t\t<\/div>\n\t\t\t\t<\/div>\n\t\t\t\t<div class=\"elementor-element elementor-element-facc46f elementor-widget__width-initial elementor-widget-tablet__width-initial elementor-widget elementor-widget-text-editor\" data-id=\"facc46f\" data-element_type=\"widget\" data-e-type=\"widget\" data-widget_type=\"text-editor.default\">\n\t\t\t\t<div class=\"elementor-widget-container\">\n\t\t\t\t\t\t\t\t\tAlle Seiten, auf denen Sie die EINGABETASTE oder die anzeigen pers\u00f6nlicher oder Zahlung Informationen sind gesch\u00fctzt mit SSL\/TLS. Diese Verschl\u00fcsselung verhindert, dass Dritte von Lesen oder \u00e4ndern von Daten im transit. Achten Sie auf &#034;https:\/\/&#034; und dem Schloss-Symbol in Ihrem browser.\n\t\t\t\t\t\t\t\t<\/div>\n\t\t\t\t<\/div>\n\t\t\t\t<div class=\"elementor-element elementor-element-984c204 elementor-widget elementor-widget-heading\" data-id=\"984c204\" data-element_type=\"widget\" data-e-type=\"widget\" data-widget_type=\"heading.default\">\n\t\t\t\t<div class=\"elementor-widget-container\">\n\t\t\t\t\t<h2 class=\"elementor-heading-title elementor-size-default\">Karten-processing durch einen zertifizierten Anbieter.\n<\/h2>\t\t\t\t<\/div>\n\t\t\t\t<\/div>\n\t\t\t\t<div class=\"elementor-element elementor-element-529f4be elementor-widget__width-initial elementor-widget-tablet__width-initial elementor-widget elementor-widget-text-editor\" data-id=\"529f4be\" data-element_type=\"widget\" data-e-type=\"widget\" data-widget_type=\"text-editor.default\">\n\t\t\t\t<div class=\"elementor-widget-container\">\n\t\t\t\t\t\t\t\t\tWir verarbeiten keine Karte Daten auf unseren Servern. Karten-Zahlungen sind verarbeitet durch Monri Zahlungen, PCI-DSS Level 1\u2013zertifizierte payment-service-provider (h\u00f6chstem Industrie-standard f\u00fcr die Karte Daten-Sicherheit). Ihre Systeme und Verfahren sind unabh\u00e4ngig gepr\u00fcft und \u00fcberwacht, um die Aufrechterhaltung dieser Zertifizierung.\n\t\t\t\t\t\t\t\t<\/div>\n\t\t\t\t<\/div>\n\t\t\t\t<div class=\"elementor-element elementor-element-398cae9 elementor-widget elementor-widget-heading\" data-id=\"398cae9\" data-element_type=\"widget\" data-e-type=\"widget\" data-widget_type=\"heading.default\">\n\t\t\t\t<div class=\"elementor-widget-container\">\n\t\t\t\t\t<h2 class=\"elementor-heading-title elementor-size-default\">Wir speichern niemals vollst\u00e4ndige Kreditkartennummern.\n<\/h2>\t\t\t\t<\/div>\n\t\t\t\t<\/div>\n\t\t\t\t<div class=\"elementor-element elementor-element-c1ef443 elementor-widget__width-initial elementor-widget-tablet__width-initial elementor-widget elementor-widget-text-editor\" data-id=\"c1ef443\" data-element_type=\"widget\" data-e-type=\"widget\" data-widget_type=\"text-editor.default\">\n\t\t\t\t<div class=\"elementor-widget-container\">\n\t\t\t\t\t\t\t\t\tReluggz.com nie sieht oder speichert Ihre vollst\u00e4ndige Kartennummer, CVV-oder PIN. Wir erhalten nur minimale Informationen erforderlich, um Ihre Bestellung zu best\u00e4tigen und Zahlungsstatus von Monri (z.B. ein token\/Best\u00e4tigung).\n\t\t\t\t\t\t\t\t<\/div>\n\t\t\t\t<\/div>\n\t\t\t\t<div class=\"elementor-element elementor-element-8635345 elementor-widget elementor-widget-heading\" data-id=\"8635345\" data-element_type=\"widget\" data-e-type=\"widget\" data-widget_type=\"heading.default\">\n\t\t\t\t<div class=\"elementor-widget-container\">\n\t\t\t\t\t<h2 class=\"elementor-heading-title elementor-size-default\">Betrugspr\u00e4vention und-\u00fcberwachung.\n<\/h2>\t\t\t\t<\/div>\n\t\t\t\t<\/div>\n\t\t\t\t<div class=\"elementor-element elementor-element-0565635 elementor-widget__width-initial elementor-widget-tablet__width-initial elementor-widget elementor-widget-text-editor\" data-id=\"0565635\" data-element_type=\"widget\" data-e-type=\"widget\" data-widget_type=\"text-editor.default\">\n\t\t\t\t<div class=\"elementor-widget-container\">\n\t\t\t\t\t\t\t\t\tTransaktionen k\u00f6nnen abgeschirmt werden von automatisierten Risiko-tools (z.B., AVS - \/3-D Secure-wo verf\u00fcgbar). Wenn etwas verd\u00e4chtig erscheint, k\u00f6nnen wir vor\u00fcbergehend zu halten die Auftrag und Kontaktieren Sie f\u00fcr die \u00fcberpr\u00fcfung, Sie zu sch\u00fctzen gegen unbefugte Benutzung.\n\t\t\t\t\t\t\t\t<\/div>\n\t\t\t\t<\/div>\n\t\t\t\t<div class=\"elementor-element elementor-element-94101af elementor-widget elementor-widget-heading\" data-id=\"94101af\" data-element_type=\"widget\" data-e-type=\"widget\" data-widget_type=\"heading.default\">\n\t\t\t\t<div class=\"elementor-widget-container\">\n\t\t\t\t\t<h2 class=\"elementor-heading-title elementor-size-default\">Ihre Aufgaben.\n<\/h2>\t\t\t\t<\/div>\n\t\t\t\t<\/div>\n\t\t\t\t<div class=\"elementor-element elementor-element-037c2bb elementor-widget__width-initial elementor-widget-tablet__width-initial elementor-widget elementor-widget-text-editor\" data-id=\"037c2bb\" data-element_type=\"widget\" data-e-type=\"widget\" data-widget_type=\"text-editor.default\">\n\t\t\t\t<div class=\"elementor-widget-container\">\n\t\t\t\t\t\t\t\t\tVerwenden Sie eindeutige Kennw\u00f6rter f\u00fcr Ihre Reluggz Konto, halten Sie Ihre Ger\u00e4te auf den neuesten Stand, und niemals teilen, one-time-codes oder CVV-Nummern mit jedermann\u2014einschlie\u00dflich Menschen, die behaupten, von Reluggz oder die bank.\n\t\t\t\t\t\t\t\t<\/div>\n\t\t\t\t<\/div>\n\t\t\t\t<div class=\"elementor-element elementor-element-5716f00 elementor-widget elementor-widget-heading\" data-id=\"5716f00\" data-element_type=\"widget\" data-e-type=\"widget\" data-widget_type=\"heading.default\">\n\t\t\t\t<div class=\"elementor-widget-container\">\n\t\t\t\t\t<h2 class=\"elementor-heading-title elementor-size-default\">Im Falle von Fragen und Problemen.\n<\/h2>\t\t\t\t<\/div>\n\t\t\t\t<\/div>\n\t\t\t\t<div class=\"elementor-element elementor-element-d6a8f71 elementor-widget__width-initial elementor-widget-tablet__width-initial elementor-widget elementor-widget-text-editor\" data-id=\"d6a8f71\" data-element_type=\"widget\" data-e-type=\"widget\" data-widget_type=\"text-editor.default\">\n\t\t\t\t<div class=\"elementor-widget-container\">\n\t\t\t\t\t\t\t\t\tWenn Sie vermuten, dass nicht autorisierte Aktivit\u00e4ten, Kontaktieren Sie Ihre bank sofort und Benachrichtigen Sie uns support@reluggz.com. Wir werden kooperieren mit Ihrer bank und Monri, zu untersuchen und, wo anwendbar, helfen beim l\u00f6sen von R\u00fcckbuchungen oder Streitigkeiten.\n\t\t\t\t\t\t\t\t<\/div>\n\t\t\t\t<\/div>\n\t\t\t\t<div class=\"elementor-element elementor-element-60c5bfb elementor-widget elementor-widget-heading\" data-id=\"60c5bfb\" data-element_type=\"widget\" data-e-type=\"widget\" data-widget_type=\"heading.default\">\n\t\t\t\t<div class=\"elementor-widget-container\">\n\t\t\t\t\t<h2 class=\"elementor-heading-title elementor-size-default\">Laufende Verbesserungen.\n<\/h2>\t\t\t\t<\/div>\n\t\t\t\t<\/div>\n\t\t\t\t<div class=\"elementor-element elementor-element-fc05ede elementor-widget__width-initial elementor-widget-tablet__width-initial elementor-widget elementor-widget-text-editor\" data-id=\"fc05ede\" data-element_type=\"widget\" data-e-type=\"widget\" data-widget_type=\"text-editor.default\">\n\t\t\t\t<div class=\"elementor-widget-container\">\n\t\t\t\t\t\t\t\t\tWir \u00fcberpr\u00fcfen regelm\u00e4\u00dfig unsere Sicherheits-Kontrollen, Hersteller-Zertifizierungen, und incident-response-Verfahren zu Schritt halten mit den aktuellen best practices.\t\t\t\t\t\t\t\t<\/div>\n\t\t\t\t<\/div>\n\t\t\t\t<\/div>\n\t\t\t\t\t<\/div>\n\t\t\t\t<\/div>\n\t\t\t\t<\/div>","protected":false},"excerpt":{"rendered":"<p>PAYMENT SECURITY Your safety comes first at Reluggz.com. We use multiple, layered safeguards to protect your data at every step of the checkout process. Transport security (SSL\/TLS). All pages where you enter or view personal or payment information are protected with SSL\/TLS. This encryption prevents third parties from reading or modifying data in transit. Look [&hellip;]<\/p>\n","protected":false},"author":1,"featured_media":0,"parent":0,"menu_order":0,"comment_status":"closed","ping_status":"closed","template":"","meta":{"footnotes":""},"class_list":["post-7975","page","type-page","status-publish","hentry"],"_links":{"self":[{"href":"https:\/\/reluggz.com\/de\/wp-json\/wp\/v2\/pages\/7975","targetHints":{"allow":["GET"]}}],"collection":[{"href":"https:\/\/reluggz.com\/de\/wp-json\/wp\/v2\/pages"}],"about":[{"href":"https:\/\/reluggz.com\/de\/wp-json\/wp\/v2\/types\/page"}],"author":[{"embeddable":true,"href":"https:\/\/reluggz.com\/de\/wp-json\/wp\/v2\/users\/1"}],"replies":[{"embeddable":true,"href":"https:\/\/reluggz.com\/de\/wp-json\/wp\/v2\/comments?post=7975"}],"version-history":[{"count":8,"href":"https:\/\/reluggz.com\/de\/wp-json\/wp\/v2\/pages\/7975\/revisions"}],"predecessor-version":[{"id":8018,"href":"https:\/\/reluggz.com\/de\/wp-json\/wp\/v2\/pages\/7975\/revisions\/8018"}],"wp:attachment":[{"href":"https:\/\/reluggz.com\/de\/wp-json\/wp\/v2\/media?parent=7975"}],"curies":[{"name":"wp","href":"https:\/\/api.w.org\/{rel}","templated":true}]}}