{"id":7605,"date":"2025-05-05T08:12:56","date_gmt":"2025-05-05T08:12:56","guid":{"rendered":"https:\/\/reluggz.com\/?page_id=7605"},"modified":"2025-07-08T18:39:00","modified_gmt":"2025-07-08T18:39:00","slug":"terms-and-conditions","status":"publish","type":"page","link":"https:\/\/reluggz.com\/fr\/terms-and-conditions\/","title":{"rendered":"Termes et Conditions"},"content":{"rendered":"<div data-elementor-type=\"wp-page\" data-elementor-id=\"7605\" class=\"elementor elementor-7605\" data-elementor-post-type=\"page\">\n\t\t\t\t<div class=\"elementor-element elementor-element-d0206ac e-flex e-con-boxed e-con e-parent\" data-id=\"d0206ac\" data-element_type=\"container\" data-e-type=\"container\">\n\t\t\t\t\t<div class=\"e-con-inner\">\n\t\t\t\t<div class=\"elementor-element elementor-element-f98e1b7 elementor-widget elementor-widget-heading\" data-id=\"f98e1b7\" data-element_type=\"widget\" data-e-type=\"widget\" data-widget_type=\"heading.default\">\n\t\t\t\t<div class=\"elementor-widget-container\">\n\t\t\t\t\t<h2 class=\"elementor-heading-title elementor-size-default\">Conditions d&#039;Utilisation<\/h2>\t\t\t\t<\/div>\n\t\t\t\t<\/div>\n\t\t\t\t<div class=\"elementor-element elementor-element-33dc509 elementor-widget elementor-widget-text-editor\" data-id=\"33dc509\" data-element_type=\"widget\" data-e-type=\"widget\" data-widget_type=\"text-editor.default\">\n\t\t\t\t<div class=\"elementor-widget-container\">\n\t\t\t\t\t\t\t\t\t<p>Bienvenue \u00e0 Reluggz! En utilisant notre plateforme, vous acceptez les termes et conditions suivants. Veuillez les lire attentivement avant toute commande.<\/p><h4><strong>1. Port\u00e9e Du Service<\/strong><\/h4><p>Reluggz bagages, de l&#039;exp\u00e9dition de coordination de la plate-forme qui relie les utilisateurs avec des tiers des services de messagerie. Nous n&#039;avons pas de transport les \u00e9l\u00e9ments de nous-m\u00eames, mais de faciliter le processus d&#039;exp\u00e9dition par le biais de notre v\u00e9rifi\u00e9 partenaires.<\/p><h4><strong>2. Articles Interdits<\/strong><\/h4><p>Users must not ship any of the following:<\/p><ol><li>Des armes ou des explosifs<\/li><li>Substances ill\u00e9gales<\/li><li>Les denr\u00e9es p\u00e9rissables ou des animaux vivants<\/li><li>Esp\u00e8ces, cartes de cr\u00e9dit, ou de documents de valeur<\/li><li>Des bijoux, des antiquit\u00e9s ou des objets irrempla\u00e7ables<\/li><li>Batteries (lithium-ion ou autre)<\/li><li>Les mati\u00e8res inflammables ou dangereuses<\/li><\/ol><p>Exp\u00e9dition tous les \u00e9l\u00e9ments ci-dessus peut entra\u00eener la saisie de douane, action en justice, ou le retour de l&#039;exp\u00e9dition au frais de l&#039;exp\u00e9diteur.<\/p><p>Reluggz is not liable for any shipment delays, losses, or non-delivery if:<\/p><ol><li>Le contenu est interdit ou non d\u00e9clar\u00e9 honn\u00eatement<\/li><li>Le colis est retenu par les douanes ou les organismes de r\u00e9glementation<\/li><li>Adresse incorrecte ou incompl\u00e8te de l&#039;information est fournie<\/li><li>Coursier tentatives de livraison, mais le destinataire n&#039;est pas disponible<\/li><\/ol><h4><strong>3. Responsabilit\u00e9 et Assurance<\/strong><\/h4><p>Reluggz fournit l&#039;assurance facultative par ses partenaires. Standard les exp\u00e9ditions ne sont pas couverts, \u00e0 moins que l&#039;assurance est s\u00e9lectionn\u00e9 lors de la commande. Reluggz n&#039;est pas responsable pour les dommages, la perte ou le vol d&#039;une fois les bagages est dans les mains de l&#039;entreprise de messagerie.<\/p><div id=\"mttContainer\" class=\"notranslate\" style=\"transform: translate(234px, 197px);\" aria-expanded=\"false\">\u00a0<\/div>\t\t\t\t\t\t\t\t<\/div>\n\t\t\t\t<\/div>\n\t\t\t\t\t<\/div>\n\t\t\t\t<\/div>\n\t\t\t\t<\/div>","protected":false},"excerpt":{"rendered":"<p>Terms of Use Welcome to Reluggz! By using our platform, you agree to the following terms and conditions. Please read them carefully before placing any order. 1. Service Scope Reluggz is a luggage shipping coordination platform that connects users with third-party courier services. We do not transport the items ourselves but facilitate the shipping process [&hellip;]<\/p>\n","protected":false},"author":1,"featured_media":0,"parent":0,"menu_order":0,"comment_status":"closed","ping_status":"closed","template":"","meta":{"footnotes":""},"class_list":["post-7605","page","type-page","status-publish","hentry"],"_links":{"self":[{"href":"https:\/\/reluggz.com\/fr\/wp-json\/wp\/v2\/pages\/7605","targetHints":{"allow":["GET"]}}],"collection":[{"href":"https:\/\/reluggz.com\/fr\/wp-json\/wp\/v2\/pages"}],"about":[{"href":"https:\/\/reluggz.com\/fr\/wp-json\/wp\/v2\/types\/page"}],"author":[{"embeddable":true,"href":"https:\/\/reluggz.com\/fr\/wp-json\/wp\/v2\/users\/1"}],"replies":[{"embeddable":true,"href":"https:\/\/reluggz.com\/fr\/wp-json\/wp\/v2\/comments?post=7605"}],"version-history":[{"count":10,"href":"https:\/\/reluggz.com\/fr\/wp-json\/wp\/v2\/pages\/7605\/revisions"}],"predecessor-version":[{"id":7900,"href":"https:\/\/reluggz.com\/fr\/wp-json\/wp\/v2\/pages\/7605\/revisions\/7900"}],"wp:attachment":[{"href":"https:\/\/reluggz.com\/fr\/wp-json\/wp\/v2\/media?parent=7605"}],"curies":[{"name":"wp","href":"https:\/\/api.w.org\/{rel}","templated":true}]}}