{"id":7610,"date":"2025-05-05T08:16:15","date_gmt":"2025-05-05T08:16:15","guid":{"rendered":"https:\/\/reluggz.com\/?page_id=7610"},"modified":"2025-07-08T18:49:55","modified_gmt":"2025-07-08T18:49:55","slug":"privacy-policy-2","status":"publish","type":"page","link":"https:\/\/reluggz.com\/fr\/privacy-policy-2\/","title":{"rendered":"Politique De Confidentialit\u00e9"},"content":{"rendered":"<div data-elementor-type=\"wp-page\" data-elementor-id=\"7610\" class=\"elementor elementor-7610\" data-elementor-post-type=\"page\">\n\t\t\t\t<div class=\"elementor-element elementor-element-8eddab4 e-flex e-con-boxed e-con e-parent\" data-id=\"8eddab4\" data-element_type=\"container\" data-e-type=\"container\">\n\t\t\t\t\t<div class=\"e-con-inner\">\n\t\t\t\t<div class=\"elementor-element elementor-element-94ba929 elementor-widget elementor-widget-heading\" data-id=\"94ba929\" data-element_type=\"widget\" data-e-type=\"widget\" data-widget_type=\"heading.default\">\n\t\t\t\t<div class=\"elementor-widget-container\">\n\t\t\t\t\t<h2 class=\"elementor-heading-title elementor-size-default\">Politique De Confidentialit\u00e9<\/h2>\t\t\t\t<\/div>\n\t\t\t\t<\/div>\n\t\t\t\t<div class=\"elementor-element elementor-element-8773d33 elementor-widget elementor-widget-text-editor\" data-id=\"8773d33\" data-element_type=\"widget\" data-e-type=\"widget\" data-widget_type=\"text-editor.default\">\n\t\t\t\t<div class=\"elementor-widget-container\">\n\t\t\t\t\t\t\t\t\t<h4><strong>Votre Vie Priv\u00e9e, Notre Priorit\u00e9<\/strong><\/h4><p>Au Reluggz, nous nous sommes engag\u00e9s \u00e0 prot\u00e9ger vos donn\u00e9es personnelles et de garantir la transparence sur la fa\u00e7on dont il est utilis\u00e9.<\/p><h4><strong>Ce Que Nous Recueillons:<\/strong><\/h4><ol><li>Les coordonn\u00e9es (nom, courriel, t\u00e9l\u00e9phone)<\/li><li>Les d\u00e9tails de l&#039;exp\u00e9dition (le ramassage et la livraison des adresses)<\/li><li>Les informations de paiement (en toute s\u00e9curit\u00e9 trait\u00e9es par un tiers passerelles)<\/li><li>Navigateur et les donn\u00e9es d&#039;utilisation (pour am\u00e9liorer l&#039;exp\u00e9rience de plate-forme)<\/li><\/ol><h4><strong>Comment Nous Les Utilisons:<\/strong><\/h4><ol><li>Pour traiter vos demandes d&#039;exp\u00e9ditions<\/li><li>Pour communiquer avec vous concernant votre commande<\/li><li>Pour fournir au client un support et des mises \u00e0 jour<\/li><li>Pour l&#039;analyse et am\u00e9liorations de la plateforme<\/li><li>Afin de respecter les obligations l\u00e9gales<\/li><\/ol><p>We never sell or share your data with unauthorized third parties. Your information is stored securely and only accessed by authorized personnel.<\/p><p><strong>Vos Droits:<\/strong><br \/><strong>Vous pouvez:<\/strong><\/p><ol><li>Demander l&#039;acc\u00e8s \u00e0 vos donn\u00e9es<\/li><li>Demande de correction ou de suppression<\/li><li>Opt-out de la commercialisation des e-mails \u00e0 tout moment<\/li><\/ol><p>En utilisant Reluggz, vous acceptez cette Politique de Confidentialit\u00e9.<\/p><div id=\"mttContainer\" class=\"notranslate\" style=\"transform: translate(193px, 11px);\" aria-expanded=\"false\">\u00a0<\/div>\t\t\t\t\t\t\t\t<\/div>\n\t\t\t\t<\/div>\n\t\t\t\t\t<\/div>\n\t\t\t\t<\/div>\n\t\t\t\t<\/div>","protected":false},"excerpt":{"rendered":"<p>Privacy Policy Your Privacy, Our Priority At Reluggz, we\u2019re committed to protecting your personal data and ensuring transparency about how it\u2019s used. What We Collect: Contact details (name, email, phone) Shipping details (pickup and delivery addresses) Payment information (securely processed via third-party gateways) Browser and usage data (to improve platform experience) How We Use It: [&hellip;]<\/p>\n","protected":false},"author":1,"featured_media":0,"parent":0,"menu_order":0,"comment_status":"closed","ping_status":"closed","template":"","meta":{"footnotes":""},"class_list":["post-7610","page","type-page","status-publish","hentry"],"_links":{"self":[{"href":"https:\/\/reluggz.com\/fr\/wp-json\/wp\/v2\/pages\/7610","targetHints":{"allow":["GET"]}}],"collection":[{"href":"https:\/\/reluggz.com\/fr\/wp-json\/wp\/v2\/pages"}],"about":[{"href":"https:\/\/reluggz.com\/fr\/wp-json\/wp\/v2\/types\/page"}],"author":[{"embeddable":true,"href":"https:\/\/reluggz.com\/fr\/wp-json\/wp\/v2\/users\/1"}],"replies":[{"embeddable":true,"href":"https:\/\/reluggz.com\/fr\/wp-json\/wp\/v2\/comments?post=7610"}],"version-history":[{"count":7,"href":"https:\/\/reluggz.com\/fr\/wp-json\/wp\/v2\/pages\/7610\/revisions"}],"predecessor-version":[{"id":7903,"href":"https:\/\/reluggz.com\/fr\/wp-json\/wp\/v2\/pages\/7610\/revisions\/7903"}],"wp:attachment":[{"href":"https:\/\/reluggz.com\/fr\/wp-json\/wp\/v2\/media?parent=7610"}],"curies":[{"name":"wp","href":"https:\/\/api.w.org\/{rel}","templated":true}]}}