{"id":7966,"date":"2025-09-21T19:52:36","date_gmt":"2025-09-21T19:52:36","guid":{"rendered":"https:\/\/reluggz.com\/?page_id=7966"},"modified":"2025-10-01T17:05:29","modified_gmt":"2025-10-01T17:05:29","slug":"privacy-statement","status":"publish","type":"page","link":"https:\/\/reluggz.com\/fr\/privacy-statement\/","title":{"rendered":"D\u00e9claration de confidentialit\u00e9"},"content":{"rendered":"<div data-elementor-type=\"wp-page\" data-elementor-id=\"7966\" class=\"elementor elementor-7966\" data-elementor-post-type=\"page\">\n\t\t\t\t<div class=\"elementor-element elementor-element-db4e2bb e-flex e-con-boxed e-con e-parent\" data-id=\"db4e2bb\" data-element_type=\"container\" data-e-type=\"container\">\n\t\t\t\t\t<div class=\"e-con-inner\">\n\t\t<div class=\"elementor-element elementor-element-58eb03c e-con-full e-flex e-con e-child\" data-id=\"58eb03c\" data-element_type=\"container\" data-e-type=\"container\">\n\t\t\t\t<div class=\"elementor-element elementor-element-d64377d elementor-widget elementor-widget-heading\" data-id=\"d64377d\" data-element_type=\"widget\" data-e-type=\"widget\" data-widget_type=\"heading.default\">\n\t\t\t\t<div class=\"elementor-widget-container\">\n\t\t\t\t\t<h2 class=\"elementor-heading-title elementor-size-default\">D\u00c9CLARATION DE CONFIDENTIALIT\u00c9\n<\/h2>\t\t\t\t<\/div>\n\t\t\t\t<\/div>\n\t\t\t\t<div class=\"elementor-element elementor-element-e53d9ed elementor-widget__width-initial elementor-widget-tablet__width-initial elementor-widget elementor-widget-text-editor\" data-id=\"e53d9ed\" data-element_type=\"widget\" data-e-type=\"widget\" data-widget_type=\"text-editor.default\">\n\t\t\t\t<div class=\"elementor-widget-container\">\n\t\t\t\t\t\t\t\t\tCette D\u00e9claration de Confidentialit\u00e9 explique ce que nous demandons, pourquoi nous les recueillons, comment nous les utilisons, et votre choix.\t\t\t\t\t\t\t\t<\/div>\n\t\t\t\t<\/div>\n\t\t\t\t<div class=\"elementor-element elementor-element-b391130 elementor-widget elementor-widget-heading\" data-id=\"b391130\" data-element_type=\"widget\" data-e-type=\"widget\" data-widget_type=\"heading.default\">\n\t\t\t\t<div class=\"elementor-widget-container\">\n\t\t\t\t\t<h2 class=\"elementor-heading-title elementor-size-default\">Qui nous sommes.\n<\/h2>\t\t\t\t<\/div>\n\t\t\t\t<\/div>\n\t\t\t\t<div class=\"elementor-element elementor-element-ad5ba1f elementor-widget__width-initial elementor-widget-tablet__width-initial elementor-widget elementor-widget-text-editor\" data-id=\"ad5ba1f\" data-element_type=\"widget\" data-e-type=\"widget\" data-widget_type=\"text-editor.default\">\n\t\t\t\t<div class=\"elementor-widget-container\">\n\t\t\t\t\t\t\t\t\tReluggz.com est une plate-forme pour l&#039;organisation des services d&#039;exp\u00e9dition. Vous pouvez nous joindre au privacy@reluggz.com.\n\t\t\t\t\t\t\t\t<\/div>\n\t\t\t\t<\/div>\n\t\t\t\t<div class=\"elementor-element elementor-element-b4a7035 elementor-widget elementor-widget-heading\" data-id=\"b4a7035\" data-element_type=\"widget\" data-e-type=\"widget\" data-widget_type=\"heading.default\">\n\t\t\t\t<div class=\"elementor-widget-container\">\n\t\t\t\t\t<h2 class=\"elementor-heading-title elementor-size-default\">Ce que nous recueillons.<\/h2>\t\t\t\t<\/div>\n\t\t\t\t<\/div>\n\t\t\t\t<div class=\"elementor-element elementor-element-c6422bb elementor-widget__width-initial elementor-widget-tablet__width-initial elementor-widget elementor-widget-text-editor\" data-id=\"c6422bb\" data-element_type=\"widget\" data-e-type=\"widget\" data-widget_type=\"text-editor.default\">\n\t\t\t\t<div class=\"elementor-widget-container\">\n\t\t\t\t\t\t\t\t\t<ol><li><span style=\"font-weight: 400;\">\u2013 L&#039;identit\u00e9 et de contact: nom, pr\u00e9nom, email, t\u00e9l\u00e9phone.<\/span><\/li><li><span style=\"font-weight: 400;\">\u2013 Adresses de livraison et l&#039;adresse de facturation; la cueillette\/livraison emplacements.<\/span><\/li><li><span style=\"font-weight: 400;\">\u2013 Les d\u00e9tails de la commande: colis poids\/dimensions, les options de service, le prix, les num\u00e9ros de suivi.<\/span><\/li><li><span style=\"font-weight: 400;\">\u2013 L&#039;\u00e9tat de paiement: succ\u00e8s\/\u00e9chec confirmations de notre processeur (nous n&#039;avons pas de magasin plein de num\u00e9ros de carte).<\/span><\/li><li><span style=\"font-weight: 400;\">\u2013 Les donn\u00e9es de compte: les identifiants de connexion (hach\u00e9s), les pr\u00e9f\u00e9rences, l&#039;histoire des communications.<\/span><\/li><li><span style=\"font-weight: 400;\">\u2013 Donn\u00e9es techniques: adresse IP de l&#039;appareil\/navigateur info, des cookies et des technologies similaires pour l&#039;essentiel fonctions du site et analyse.<\/span><\/li><\/ol>\t\t\t\t\t\t\t\t<\/div>\n\t\t\t\t<\/div>\n\t\t\t\t<div class=\"elementor-element elementor-element-9b62c5d elementor-widget elementor-widget-heading\" data-id=\"9b62c5d\" data-element_type=\"widget\" data-e-type=\"widget\" data-widget_type=\"heading.default\">\n\t\t\t\t<div class=\"elementor-widget-container\">\n\t\t\t\t\t<h2 class=\"elementor-heading-title elementor-size-default\">Pourquoi recueillons-nous (bases l\u00e9gales).\n<\/h2>\t\t\t\t<\/div>\n\t\t\t\t<\/div>\n\t\t\t\t<div class=\"elementor-element elementor-element-33989bb elementor-widget__width-initial elementor-widget-tablet__width-initial elementor-widget elementor-widget-text-editor\" data-id=\"33989bb\" data-element_type=\"widget\" data-e-type=\"widget\" data-widget_type=\"text-editor.default\">\n\t\t\t\t<div class=\"elementor-widget-container\">\n\t\t\t\t\t\t\t\t\t<ol><li><span style=\"font-weight: 400;\">\u2013 Pour effectuer notre contrat avec vous (traitement des commandes, organiser la livraison, fournir \u00e0 l&#039;appui).<\/span><\/li><li><span style=\"font-weight: 400;\">\u2013 De respecter les obligations l\u00e9gales (fiscalit\u00e9\/comptabilit\u00e9, de la pr\u00e9vention de la fraude).<\/span><\/li><li><span style=\"font-weight: 400;\">\u2013 Pour nos int\u00e9r\u00eats l\u00e9gitimes (\u00e0 l&#039;am\u00e9lioration des services, la pr\u00e9vention de la violence).<\/span><\/li><li><span style=\"font-weight: 400;\">\u2013 Avec votre accord (par exemple, des e-mails marketing). Vous pouvez retirer votre consentement \u00e0 tout moment.<\/span><\/li><\/ol>\t\t\t\t\t\t\t\t<\/div>\n\t\t\t\t<\/div>\n\t\t\t\t<div class=\"elementor-element elementor-element-a0d9806 elementor-widget elementor-widget-heading\" data-id=\"a0d9806\" data-element_type=\"widget\" data-e-type=\"widget\" data-widget_type=\"heading.default\">\n\t\t\t\t<div class=\"elementor-widget-container\">\n\t\t\t\t\t<h2 class=\"elementor-heading-title elementor-size-default\">Comment nous utilisons et partageons.\n<\/h2>\t\t\t\t<\/div>\n\t\t\t\t<\/div>\n\t\t\t\t<div class=\"elementor-element elementor-element-8a2c363 elementor-widget__width-initial elementor-widget-tablet__width-initial elementor-widget elementor-widget-text-editor\" data-id=\"8a2c363\" data-element_type=\"widget\" data-e-type=\"widget\" data-widget_type=\"text-editor.default\">\n\t\t\t\t<div class=\"elementor-widget-container\">\n\t\t\t\t\t\t\t\t\tNous utilisons vos donn\u00e9es pour r\u00e9pondre aux commandes, communiquer des mises \u00e0 jour et am\u00e9liorer le service. Nous partageons uniquement ce qui est n\u00e9cessaire, avec des fournisseurs de confiance (par exemple, les courriers pour les adresses de livraison; processeurs de paiement pour le paiement de l&#039;autorisation; e-mail\/SMS fournisseurs pour les notifications). Nous ne vendons pas vos donn\u00e9es personnelles.\t\t\t\t\t\t\t\t<\/div>\n\t\t\t\t<\/div>\n\t\t\t\t<div class=\"elementor-element elementor-element-495f32c elementor-widget elementor-widget-heading\" data-id=\"495f32c\" data-element_type=\"widget\" data-e-type=\"widget\" data-widget_type=\"heading.default\">\n\t\t\t\t<div class=\"elementor-widget-container\">\n\t\t\t\t\t<h2 class=\"elementor-heading-title elementor-size-default\">Choix de mise en march\u00e9.\n<\/h2>\t\t\t\t<\/div>\n\t\t\t\t<\/div>\n\t\t\t\t<div class=\"elementor-element elementor-element-5947613 elementor-widget__width-initial elementor-widget-tablet__width-initial elementor-widget elementor-widget-text-editor\" data-id=\"5947613\" data-element_type=\"widget\" data-e-type=\"widget\" data-widget_type=\"text-editor.default\">\n\t\t\t\t<div class=\"elementor-widget-container\">\n\t\t\t\t\t\t\t\t\tVous pouvez choisir de marketing. Vous pouvez vous d\u00e9sinscrire \u00e0 tout moment via le lien \u201cse d\u00e9sinscrire\u201d ou en envoyant un courriel \u00e0 privacy@reluggz.com. Les e-mails transactionnels (les confirmations de commande, de livraison des mises \u00e0 jour) seront toujours envoy\u00e9s.\t\t\t\t\t\t\t\t<\/div>\n\t\t\t\t<\/div>\n\t\t\t\t<div class=\"elementor-element elementor-element-0aaad83 elementor-widget elementor-widget-heading\" data-id=\"0aaad83\" data-element_type=\"widget\" data-e-type=\"widget\" data-widget_type=\"heading.default\">\n\t\t\t\t<div class=\"elementor-widget-container\">\n\t\t\t\t\t<h2 class=\"elementor-heading-title elementor-size-default\">La r\u00e9tention.\n<\/h2>\t\t\t\t<\/div>\n\t\t\t\t<\/div>\n\t\t\t\t<div class=\"elementor-element elementor-element-dce7311 elementor-widget__width-initial elementor-widget-tablet__width-initial elementor-widget elementor-widget-text-editor\" data-id=\"dce7311\" data-element_type=\"widget\" data-e-type=\"widget\" data-widget_type=\"text-editor.default\">\n\t\t\t\t<div class=\"elementor-widget-container\">\n\t\t\t\t\t\t\t\t\tNous conservons des donn\u00e9es aussi longtemps que n\u00e9cessaire: en r\u00e8gle g\u00e9n\u00e9rale, jusqu&#039;\u00e0 6 ans pour les factures et les documents financiers (obligation l\u00e9gale), et de plus courte dur\u00e9e pour des journaux op\u00e9rationnels, sauf si un d\u00e9lai plus long est n\u00e9cessaire pour r\u00e9soudre des diff\u00e9rends ou de r\u00e9pondre \u00e0 une obligation r\u00e9glementaire.\n\t\t\t\t\t\t\t\t<\/div>\n\t\t\t\t<\/div>\n\t\t\t\t<div class=\"elementor-element elementor-element-9055488 elementor-widget elementor-widget-heading\" data-id=\"9055488\" data-element_type=\"widget\" data-e-type=\"widget\" data-widget_type=\"heading.default\">\n\t\t\t\t<div class=\"elementor-widget-container\">\n\t\t\t\t\t<h2 class=\"elementor-heading-title elementor-size-default\">Transferts internationaux.\n<\/h2>\t\t\t\t<\/div>\n\t\t\t\t<\/div>\n\t\t\t\t<div class=\"elementor-element elementor-element-7ed1e66 elementor-widget__width-initial elementor-widget-tablet__width-initial elementor-widget elementor-widget-text-editor\" data-id=\"7ed1e66\" data-element_type=\"widget\" data-e-type=\"widget\" data-widget_type=\"text-editor.default\">\n\t\t\t\t<div class=\"elementor-widget-container\">\n\t\t\t\t\t\t\t\t\tSi les vendeurs de traiter des donn\u00e9es en dehors de votre pays, nous utilisons des mesures de protection appropri\u00e9es (clauses contractuelles, les contr\u00f4les de s\u00e9curit\u00e9).\n\t\t\t\t\t\t\t\t<\/div>\n\t\t\t\t<\/div>\n\t\t\t\t<div class=\"elementor-element elementor-element-d5ab712 elementor-widget elementor-widget-heading\" data-id=\"d5ab712\" data-element_type=\"widget\" data-e-type=\"widget\" data-widget_type=\"heading.default\">\n\t\t\t\t<div class=\"elementor-widget-container\">\n\t\t\t\t\t<h2 class=\"elementor-heading-title elementor-size-default\">Vos droits.\n<\/h2>\t\t\t\t<\/div>\n\t\t\t\t<\/div>\n\t\t\t\t<div class=\"elementor-element elementor-element-dcbf10f elementor-widget__width-initial elementor-widget-tablet__width-initial elementor-widget elementor-widget-text-editor\" data-id=\"dcbf10f\" data-element_type=\"widget\" data-e-type=\"widget\" data-widget_type=\"text-editor.default\">\n\t\t\t\t<div class=\"elementor-widget-container\">\n\t\t\t\t\t\t\t\t\tSous r\u00e9serve des lois applicables, vous pouvez demander l&#039;acc\u00e8s, la rectification, la suppression, la restriction, la portabilit\u00e9 ou l&#039;objet de traitement. Contact privacy@reluggz.com. Nous vous r\u00e9pondrons dans le d\u00e9lai l\u00e9gal.\n\t\t\t\t\t\t\t\t<\/div>\n\t\t\t\t<\/div>\n\t\t\t\t<div class=\"elementor-element elementor-element-856fc7b elementor-widget elementor-widget-heading\" data-id=\"856fc7b\" data-element_type=\"widget\" data-e-type=\"widget\" data-widget_type=\"heading.default\">\n\t\t\t\t<div class=\"elementor-widget-container\">\n\t\t\t\t\t<h2 class=\"elementor-heading-title elementor-size-default\">La vie priv\u00e9e des enfants.\n<\/h2>\t\t\t\t<\/div>\n\t\t\t\t<\/div>\n\t\t\t\t<div class=\"elementor-element elementor-element-01dfd57 elementor-widget__width-initial elementor-widget-tablet__width-initial elementor-widget elementor-widget-text-editor\" data-id=\"01dfd57\" data-element_type=\"widget\" data-e-type=\"widget\" data-widget_type=\"text-editor.default\">\n\t\t\t\t<div class=\"elementor-widget-container\">\n\t\t\t\t\t\t\t\t\tNotre service n&#039;est pas destin\u00e9 pour les enfants de moins de 16 ans. Nous ne recueillons pas sciemment de leurs donn\u00e9es.\n\t\t\t\t\t\t\t\t<\/div>\n\t\t\t\t<\/div>\n\t\t\t\t<div class=\"elementor-element elementor-element-bafce9d elementor-widget elementor-widget-heading\" data-id=\"bafce9d\" data-element_type=\"widget\" data-e-type=\"widget\" data-widget_type=\"heading.default\">\n\t\t\t\t<div class=\"elementor-widget-container\">\n\t\t\t\t\t<h2 class=\"elementor-heading-title elementor-size-default\">Les mises \u00e0 jour.\n<\/h2>\t\t\t\t<\/div>\n\t\t\t\t<\/div>\n\t\t\t\t<div class=\"elementor-element elementor-element-55d84ff elementor-widget__width-initial elementor-widget-tablet__width-initial elementor-widget elementor-widget-text-editor\" data-id=\"55d84ff\" data-element_type=\"widget\" data-e-type=\"widget\" data-widget_type=\"text-editor.default\">\n\t\t\t\t<div class=\"elementor-widget-container\">\n\t\t\t\t\t\t\t\t\tNous pouvons mettre \u00e0 jour cette d\u00e9claration, nous afficherons les changements avec une nouvelle \u201cDerni\u00e8re mise \u00e0 jour\u201d.\n\t\t\t\t\t\t\t\t<\/div>\n\t\t\t\t<\/div>\n\t\t\t\t<\/div>\n\t\t\t\t\t<\/div>\n\t\t\t\t<\/div>\n\t\t\t\t<\/div>","protected":false},"excerpt":{"rendered":"<p>PRIVACY STATEMENT This Privacy Statement explains what we collect, why we collect it, how we use it, and your choices. Who we are. Reluggz.com is a platform for arranging shipping services. You can reach us at privacy@reluggz.com. What we collect. &#8211; Identity and contact: name, email, phone. &#8211; Addresses: shipping and billing addresses; pickup\/delivery locations. [&hellip;]<\/p>\n","protected":false},"author":1,"featured_media":0,"parent":0,"menu_order":0,"comment_status":"closed","ping_status":"closed","template":"","meta":{"footnotes":""},"class_list":["post-7966","page","type-page","status-publish","hentry"],"_links":{"self":[{"href":"https:\/\/reluggz.com\/fr\/wp-json\/wp\/v2\/pages\/7966","targetHints":{"allow":["GET"]}}],"collection":[{"href":"https:\/\/reluggz.com\/fr\/wp-json\/wp\/v2\/pages"}],"about":[{"href":"https:\/\/reluggz.com\/fr\/wp-json\/wp\/v2\/types\/page"}],"author":[{"embeddable":true,"href":"https:\/\/reluggz.com\/fr\/wp-json\/wp\/v2\/users\/1"}],"replies":[{"embeddable":true,"href":"https:\/\/reluggz.com\/fr\/wp-json\/wp\/v2\/comments?post=7966"}],"version-history":[{"count":10,"href":"https:\/\/reluggz.com\/fr\/wp-json\/wp\/v2\/pages\/7966\/revisions"}],"predecessor-version":[{"id":7995,"href":"https:\/\/reluggz.com\/fr\/wp-json\/wp\/v2\/pages\/7966\/revisions\/7995"}],"wp:attachment":[{"href":"https:\/\/reluggz.com\/fr\/wp-json\/wp\/v2\/media?parent=7966"}],"curies":[{"name":"wp","href":"https:\/\/api.w.org\/{rel}","templated":true}]}}