{"id":7970,"date":"2025-09-21T19:53:06","date_gmt":"2025-09-21T19:53:06","guid":{"rendered":"https:\/\/reluggz.com\/?page_id=7970"},"modified":"2025-10-01T17:21:08","modified_gmt":"2025-10-01T17:21:08","slug":"delivery-information","status":"publish","type":"page","link":"https:\/\/reluggz.com\/fr\/delivery-information\/","title":{"rendered":"Informations de livraison"},"content":{"rendered":"<div data-elementor-type=\"wp-page\" data-elementor-id=\"7970\" class=\"elementor elementor-7970\" data-elementor-post-type=\"page\">\n\t\t\t\t<div class=\"elementor-element elementor-element-4d8d5c8 e-flex e-con-boxed e-con e-parent\" data-id=\"4d8d5c8\" data-element_type=\"container\" data-e-type=\"container\">\n\t\t\t\t\t<div class=\"e-con-inner\">\n\t\t<div class=\"elementor-element elementor-element-ed60400 e-con-full e-flex e-con e-child\" data-id=\"ed60400\" data-element_type=\"container\" data-e-type=\"container\">\n\t\t\t\t<div class=\"elementor-element elementor-element-7386447 elementor-widget elementor-widget-heading\" data-id=\"7386447\" data-element_type=\"widget\" data-e-type=\"widget\" data-widget_type=\"heading.default\">\n\t\t\t\t<div class=\"elementor-widget-container\">\n\t\t\t\t\t<h2 class=\"elementor-heading-title elementor-size-default\">INFORMATIONS DE LIVRAISON\n<\/h2>\t\t\t\t<\/div>\n\t\t\t\t<\/div>\n\t\t\t\t<div class=\"elementor-element elementor-element-64604ff elementor-widget__width-initial elementor-widget-tablet__width-initial elementor-widget elementor-widget-text-editor\" data-id=\"64604ff\" data-element_type=\"widget\" data-e-type=\"widget\" data-widget_type=\"text-editor.default\">\n\t\t\t\t<div class=\"elementor-widget-container\">\n\t\t\t\t\t\t\t\t\t<strong>Les options de Service.\n<\/strong><span style=\"font-weight: 400;\">Au moment de passer commande, vous pouvez choisir parmi la disposition des transporteurs et des vitesses (par exemple, standard, express).\u00a0\u00a0<\/span> \t\t\t\t\t\t\t\t<\/div>\n\t\t\t\t<\/div>\n\t\t\t\t<div class=\"elementor-element elementor-element-4b3964b elementor-widget elementor-widget-heading\" data-id=\"4b3964b\" data-element_type=\"widget\" data-e-type=\"widget\" data-widget_type=\"heading.default\">\n\t\t\t\t<div class=\"elementor-widget-container\">\n\t\t\t\t\t<h2 class=\"elementor-heading-title elementor-size-default\">Les co\u00fbts.\n<\/h2>\t\t\t\t<\/div>\n\t\t\t\t<\/div>\n\t\t\t\t<div class=\"elementor-element elementor-element-591f0ce elementor-widget__width-initial elementor-widget-tablet__width-initial elementor-widget elementor-widget-text-editor\" data-id=\"591f0ce\" data-element_type=\"widget\" data-e-type=\"widget\" data-widget_type=\"text-editor.default\">\n\t\t\t\t<div class=\"elementor-widget-container\">\n\t\t\t\t\t\t\t\t\tLes frais d&#039;exp\u00e9dition sont calcul\u00e9s de fa\u00e7on dynamique et affich\u00e9 avant le paiement.\n\t\t\t\t\t\t\t\t<\/div>\n\t\t\t\t<\/div>\n\t\t\t\t<div class=\"elementor-element elementor-element-18dc801 elementor-widget elementor-widget-heading\" data-id=\"18dc801\" data-element_type=\"widget\" data-e-type=\"widget\" data-widget_type=\"heading.default\">\n\t\t\t\t<div class=\"elementor-widget-container\">\n\t\t\t\t\t<h2 class=\"elementor-heading-title elementor-size-default\">Les \u00e9ch\u00e9anciers.\n<\/h2>\t\t\t\t<\/div>\n\t\t\t\t<\/div>\n\t\t\t\t<div class=\"elementor-element elementor-element-312e6ae elementor-widget__width-initial elementor-widget-tablet__width-initial elementor-widget elementor-widget-text-editor\" data-id=\"312e6ae\" data-element_type=\"widget\" data-e-type=\"widget\" data-widget_type=\"text-editor.default\">\n\t\t\t\t<div class=\"elementor-widget-container\">\n\t\t\t\t\t\t\t\t\tLes d\u00e9lais de livraison estim\u00e9e windows (par exemple, de 2 \u00e0 5 jours ouvrables pour les services standard) sont pr\u00e9sent\u00e9s \u00e0 la caisse.\n\t\t\t\t\t\t\t\t<\/div>\n\t\t\t\t<\/div>\n\t\t\t\t<div class=\"elementor-element elementor-element-794114a elementor-widget elementor-widget-heading\" data-id=\"794114a\" data-element_type=\"widget\" data-e-type=\"widget\" data-widget_type=\"heading.default\">\n\t\t\t\t<div class=\"elementor-widget-container\">\n\t\t\t\t\t<h2 class=\"elementor-heading-title elementor-size-default\">Le suivi.\n<\/h2>\t\t\t\t<\/div>\n\t\t\t\t<\/div>\n\t\t\t\t<div class=\"elementor-element elementor-element-31638ef elementor-widget__width-initial elementor-widget-tablet__width-initial elementor-widget elementor-widget-text-editor\" data-id=\"31638ef\" data-element_type=\"widget\" data-e-type=\"widget\" data-widget_type=\"text-editor.default\">\n\t\t\t\t<div class=\"elementor-widget-container\">\n\t\t\t\t\t\t\t\t\tLorsque votre envoi est cr\u00e9\u00e9, nous vous fournissons un num\u00e9ro de suivi et les mises \u00e0 jour de statut par e-mail\/SMS.\n\t\t\t\t\t\t\t\t<\/div>\n\t\t\t\t<\/div>\n\t\t\t\t<div class=\"elementor-element elementor-element-529a223 elementor-widget elementor-widget-heading\" data-id=\"529a223\" data-element_type=\"widget\" data-e-type=\"widget\" data-widget_type=\"heading.default\">\n\t\t\t\t<div class=\"elementor-widget-container\">\n\t\t\t\t\t<h2 class=\"elementor-heading-title elementor-size-default\">La douane.\n<\/h2>\t\t\t\t<\/div>\n\t\t\t\t<\/div>\n\t\t\t\t<div class=\"elementor-element elementor-element-47171a4 elementor-widget__width-initial elementor-widget-tablet__width-initial elementor-widget elementor-widget-text-editor\" data-id=\"47171a4\" data-element_type=\"widget\" data-e-type=\"widget\" data-widget_type=\"text-editor.default\">\n\t\t\t\t<div class=\"elementor-widget-container\">\n\t\t\t\t\t\t\t\t\tLes envois internationaux peuvent \u00eatre soumis au d\u00e9douanement. Les droits de douane, les taxes, les frais de courtage sont de la responsabilit\u00e9 du destinataire.\n\t\t\t\t\t\t\t\t<\/div>\n\t\t\t\t<\/div>\n\t\t\t\t<div class=\"elementor-element elementor-element-1416a00 elementor-widget elementor-widget-heading\" data-id=\"1416a00\" data-element_type=\"widget\" data-e-type=\"widget\" data-widget_type=\"heading.default\">\n\t\t\t\t<div class=\"elementor-widget-container\">\n\t\t\t\t\t<h2 class=\"elementor-heading-title elementor-size-default\">L&#039;exactitude des adresses.\n<\/h2>\t\t\t\t<\/div>\n\t\t\t\t<\/div>\n\t\t\t\t<div class=\"elementor-element elementor-element-b76061c elementor-widget__width-initial elementor-widget-tablet__width-initial elementor-widget elementor-widget-text-editor\" data-id=\"b76061c\" data-element_type=\"widget\" data-e-type=\"widget\" data-widget_type=\"text-editor.default\">\n\t\t\t\t<div class=\"elementor-widget-container\">\n\t\t\t\t\t\t\t\t\tVeuillez vous assurer de les corriger, adresses compl\u00e8tes et de fournir des instructions d&#039;acc\u00e8s si n\u00e9cessaire.\n\t\t\t\t\t\t\t\t<\/div>\n\t\t\t\t<\/div>\n\t\t\t\t<\/div>\n\t\t\t\t\t<\/div>\n\t\t\t\t<\/div>\n\t\t\t\t<\/div>","protected":false},"excerpt":{"rendered":"<p>DELIVERY INFORMATION Service options. At checkout you can choose among available carriers and speeds (e.g., standard, express).\u00a0\u00a0 Costs. Shipping costs are calculated dynamically and displayed before payment. Timelines. Estimated delivery windows (e.g., 2\u20135 business days for standard services) are shown at checkout. Tracking. When your shipment is created, we provide a tracking number and status [&hellip;]<\/p>\n","protected":false},"author":2313,"featured_media":0,"parent":0,"menu_order":0,"comment_status":"closed","ping_status":"closed","template":"","meta":{"footnotes":""},"class_list":["post-7970","page","type-page","status-publish","hentry"],"_links":{"self":[{"href":"https:\/\/reluggz.com\/fr\/wp-json\/wp\/v2\/pages\/7970","targetHints":{"allow":["GET"]}}],"collection":[{"href":"https:\/\/reluggz.com\/fr\/wp-json\/wp\/v2\/pages"}],"about":[{"href":"https:\/\/reluggz.com\/fr\/wp-json\/wp\/v2\/types\/page"}],"author":[{"embeddable":true,"href":"https:\/\/reluggz.com\/fr\/wp-json\/wp\/v2\/users\/2313"}],"replies":[{"embeddable":true,"href":"https:\/\/reluggz.com\/fr\/wp-json\/wp\/v2\/comments?post=7970"}],"version-history":[{"count":4,"href":"https:\/\/reluggz.com\/fr\/wp-json\/wp\/v2\/pages\/7970\/revisions"}],"predecessor-version":[{"id":8002,"href":"https:\/\/reluggz.com\/fr\/wp-json\/wp\/v2\/pages\/7970\/revisions\/8002"}],"wp:attachment":[{"href":"https:\/\/reluggz.com\/fr\/wp-json\/wp\/v2\/media?parent=7970"}],"curies":[{"name":"wp","href":"https:\/\/api.w.org\/{rel}","templated":true}]}}