{"id":7975,"date":"2025-10-01T16:36:51","date_gmt":"2025-10-01T16:36:51","guid":{"rendered":"https:\/\/reluggz.com\/?page_id=7975"},"modified":"2025-10-02T10:05:52","modified_gmt":"2025-10-02T10:05:52","slug":"payment-security-2","status":"publish","type":"page","link":"https:\/\/reluggz.com\/fr\/payment-security-2\/","title":{"rendered":"Payment security"},"content":{"rendered":"<div data-elementor-type=\"wp-page\" data-elementor-id=\"7975\" class=\"elementor elementor-7975\" data-elementor-post-type=\"page\">\n\t\t\t\t<div class=\"elementor-element elementor-element-e0492d1 e-flex e-con-boxed e-con e-parent\" data-id=\"e0492d1\" data-element_type=\"container\" data-e-type=\"container\">\n\t\t\t\t\t<div class=\"e-con-inner\">\n\t\t<div class=\"elementor-element elementor-element-0d24af0 e-con-full e-flex e-con e-child\" data-id=\"0d24af0\" data-element_type=\"container\" data-e-type=\"container\">\n\t\t\t\t<div class=\"elementor-element elementor-element-767f9a9 elementor-widget elementor-widget-heading\" data-id=\"767f9a9\" data-element_type=\"widget\" data-e-type=\"widget\" data-widget_type=\"heading.default\">\n\t\t\t\t<div class=\"elementor-widget-container\">\n\t\t\t\t\t<h2 class=\"elementor-heading-title elementor-size-default\">LA S\u00c9CURIT\u00c9 DU PAIEMENT\n<\/h2>\t\t\t\t<\/div>\n\t\t\t\t<\/div>\n\t\t\t\t<div class=\"elementor-element elementor-element-fe7f5c1 elementor-widget__width-initial elementor-widget-tablet__width-initial elementor-widget elementor-widget-text-editor\" data-id=\"fe7f5c1\" data-element_type=\"widget\" data-e-type=\"widget\" data-widget_type=\"text-editor.default\">\n\t\t\t\t<div class=\"elementor-widget-container\">\n\t\t\t\t\t\t\t\t\tVotre s\u00e9curit\u00e9 vient en premier \u00e0 l&#039;Reluggz.com. Nous utilisons de multiples couches de mesures de protection pour prot\u00e9ger vos donn\u00e9es \u00e0 chaque \u00e9tape du processus de commande.\n\t\t\t\t\t\t\t\t<\/div>\n\t\t\t\t<\/div>\n\t\t\t\t<div class=\"elementor-element elementor-element-61e99aa elementor-widget elementor-widget-heading\" data-id=\"61e99aa\" data-element_type=\"widget\" data-e-type=\"widget\" data-widget_type=\"heading.default\">\n\t\t\t\t<div class=\"elementor-widget-container\">\n\t\t\t\t\t<h2 class=\"elementor-heading-title elementor-size-default\">De la s\u00e9curit\u00e9 des transports (SSL\/TLS).\n<\/h2>\t\t\t\t<\/div>\n\t\t\t\t<\/div>\n\t\t\t\t<div class=\"elementor-element elementor-element-facc46f elementor-widget__width-initial elementor-widget-tablet__width-initial elementor-widget elementor-widget-text-editor\" data-id=\"facc46f\" data-element_type=\"widget\" data-e-type=\"widget\" data-widget_type=\"text-editor.default\">\n\t\t\t\t<div class=\"elementor-widget-container\">\n\t\t\t\t\t\t\t\t\tToutes les pages o\u00f9 vous entrez ou personnelles ou les informations de paiement sont prot\u00e9g\u00e9es par SSL\/TLS. Ce cryptage emp\u00eache les tiers de lire ou modifier des donn\u00e9es en transit. Cherchez \u201chttps:\/\/\u201d et l&#039;ic\u00f4ne du cadenas dans votre navigateur.\n\t\t\t\t\t\t\t\t<\/div>\n\t\t\t\t<\/div>\n\t\t\t\t<div class=\"elementor-element elementor-element-984c204 elementor-widget elementor-widget-heading\" data-id=\"984c204\" data-element_type=\"widget\" data-e-type=\"widget\" data-widget_type=\"heading.default\">\n\t\t\t\t<div class=\"elementor-widget-container\">\n\t\t\t\t\t<h2 class=\"elementor-heading-title elementor-size-default\">De traitement de carte par un fournisseur certifi\u00e9.\n<\/h2>\t\t\t\t<\/div>\n\t\t\t\t<\/div>\n\t\t\t\t<div class=\"elementor-element elementor-element-529f4be elementor-widget__width-initial elementor-widget-tablet__width-initial elementor-widget elementor-widget-text-editor\" data-id=\"529f4be\" data-element_type=\"widget\" data-e-type=\"widget\" data-widget_type=\"text-editor.default\">\n\t\t\t\t<div class=\"elementor-widget-container\">\n\t\t\t\t\t\t\t\t\tNous ne traitons pas les donn\u00e9es de la carte sur nos propres serveurs. Les paiements par carte sont trait\u00e9es par Monri Paiements, PCI DSS de Niveau 1 certifi\u00e9 prestataire de services de paiement (le plus haut standard de l&#039;industrie pour les donn\u00e9es de la carte de s\u00e9curit\u00e9). Leurs syst\u00e8mes et proc\u00e9dures sont v\u00e9rifi\u00e9s et contr\u00f4l\u00e9s pour conserver cette certification.\n\t\t\t\t\t\t\t\t<\/div>\n\t\t\t\t<\/div>\n\t\t\t\t<div class=\"elementor-element elementor-element-398cae9 elementor-widget elementor-widget-heading\" data-id=\"398cae9\" data-element_type=\"widget\" data-e-type=\"widget\" data-widget_type=\"heading.default\">\n\t\t\t\t<div class=\"elementor-widget-container\">\n\t\t\t\t\t<h2 class=\"elementor-heading-title elementor-size-default\">Nous ne stockons jamais compl\u00e8te des num\u00e9ros de cartes.\n<\/h2>\t\t\t\t<\/div>\n\t\t\t\t<\/div>\n\t\t\t\t<div class=\"elementor-element elementor-element-c1ef443 elementor-widget__width-initial elementor-widget-tablet__width-initial elementor-widget elementor-widget-text-editor\" data-id=\"c1ef443\" data-element_type=\"widget\" data-e-type=\"widget\" data-widget_type=\"text-editor.default\">\n\t\t\t\t<div class=\"elementor-widget-container\">\n\t\t\t\t\t\t\t\t\tReluggz.com ne voit jamais ou les magasins de votre num\u00e9ro de carte complet, CVV, ou un code PIN. Nous recevons uniquement le minimum d&#039;informations n\u00e9cessaires pour confirmer votre commande et de paiement de l&#039;\u00e9tat \u00e0 partir de Monri (par exemple, un jeton de confirmation).\n\t\t\t\t\t\t\t\t<\/div>\n\t\t\t\t<\/div>\n\t\t\t\t<div class=\"elementor-element elementor-element-8635345 elementor-widget elementor-widget-heading\" data-id=\"8635345\" data-element_type=\"widget\" data-e-type=\"widget\" data-widget_type=\"heading.default\">\n\t\t\t\t<div class=\"elementor-widget-container\">\n\t\t\t\t\t<h2 class=\"elementor-heading-title elementor-size-default\">La pr\u00e9vention de la fraude et de la surveillance.\n<\/h2>\t\t\t\t<\/div>\n\t\t\t\t<\/div>\n\t\t\t\t<div class=\"elementor-element elementor-element-0565635 elementor-widget__width-initial elementor-widget-tablet__width-initial elementor-widget elementor-widget-text-editor\" data-id=\"0565635\" data-element_type=\"widget\" data-e-type=\"widget\" data-widget_type=\"text-editor.default\">\n\t\t\t\t<div class=\"elementor-widget-container\">\n\t\t\t\t\t\t\t\t\tLes Transactions peuvent \u00eatre balay\u00e9s par automatis\u00e9s outils d&#039;\u00e9valuation du risque (par exemple, AVS\/3-D Secure si disponible). Si quelque chose vous semble suspect, on peut retenir temporairement la commande et vous contacter \u00e0 des fins de v\u00e9rification afin de vous prot\u00e9ger contre toute utilisation non autoris\u00e9e.\n\t\t\t\t\t\t\t\t<\/div>\n\t\t\t\t<\/div>\n\t\t\t\t<div class=\"elementor-element elementor-element-94101af elementor-widget elementor-widget-heading\" data-id=\"94101af\" data-element_type=\"widget\" data-e-type=\"widget\" data-widget_type=\"heading.default\">\n\t\t\t\t<div class=\"elementor-widget-container\">\n\t\t\t\t\t<h2 class=\"elementor-heading-title elementor-size-default\">Vos responsabilit\u00e9s.\n<\/h2>\t\t\t\t<\/div>\n\t\t\t\t<\/div>\n\t\t\t\t<div class=\"elementor-element elementor-element-037c2bb elementor-widget__width-initial elementor-widget-tablet__width-initial elementor-widget elementor-widget-text-editor\" data-id=\"037c2bb\" data-element_type=\"widget\" data-e-type=\"widget\" data-widget_type=\"text-editor.default\">\n\t\t\t\t<div class=\"elementor-widget-container\">\n\t\t\t\t\t\t\t\t\tUtiliser des mots de passe uniques pour votre Reluggz compte, gardez vos appareils \u00e0 jour, et de ne jamais partager un moment de codes ou CVV num\u00e9ros avec n&#039;importe qui\u2014y compris les personnes se r\u00e9clamant de Reluggz ou de la banque.\n\t\t\t\t\t\t\t\t<\/div>\n\t\t\t\t<\/div>\n\t\t\t\t<div class=\"elementor-element elementor-element-5716f00 elementor-widget elementor-widget-heading\" data-id=\"5716f00\" data-element_type=\"widget\" data-e-type=\"widget\" data-widget_type=\"heading.default\">\n\t\t\t\t<div class=\"elementor-widget-container\">\n\t\t\t\t\t<h2 class=\"elementor-heading-title elementor-size-default\">En cas de probl\u00e8mes.\n<\/h2>\t\t\t\t<\/div>\n\t\t\t\t<\/div>\n\t\t\t\t<div class=\"elementor-element elementor-element-d6a8f71 elementor-widget__width-initial elementor-widget-tablet__width-initial elementor-widget elementor-widget-text-editor\" data-id=\"d6a8f71\" data-element_type=\"widget\" data-e-type=\"widget\" data-widget_type=\"text-editor.default\">\n\t\t\t\t<div class=\"elementor-widget-container\">\n\t\t\t\t\t\t\t\t\tSi vous soup\u00e7onnez une activit\u00e9 non autoris\u00e9e, contactez imm\u00e9diatement votre banque et de nous en informer \u00e0 l&#039;support@reluggz.com. Nous allons coop\u00e9rer avec votre banque et Monri \u00e0 enqu\u00eater et, le cas \u00e9ch\u00e9ant, aider \u00e0 r\u00e9soudre les rejets de d\u00e9bit ou de conflits.\n\t\t\t\t\t\t\t\t<\/div>\n\t\t\t\t<\/div>\n\t\t\t\t<div class=\"elementor-element elementor-element-60c5bfb elementor-widget elementor-widget-heading\" data-id=\"60c5bfb\" data-element_type=\"widget\" data-e-type=\"widget\" data-widget_type=\"heading.default\">\n\t\t\t\t<div class=\"elementor-widget-container\">\n\t\t\t\t\t<h2 class=\"elementor-heading-title elementor-size-default\">Am\u00e9liorations en cours.\n<\/h2>\t\t\t\t<\/div>\n\t\t\t\t<\/div>\n\t\t\t\t<div class=\"elementor-element elementor-element-fc05ede elementor-widget__width-initial elementor-widget-tablet__width-initial elementor-widget elementor-widget-text-editor\" data-id=\"fc05ede\" data-element_type=\"widget\" data-e-type=\"widget\" data-widget_type=\"text-editor.default\">\n\t\t\t\t<div class=\"elementor-widget-container\">\n\t\t\t\t\t\t\t\t\tNous r\u00e9visons r\u00e9guli\u00e8rement nos contr\u00f4les de s\u00e9curit\u00e9, fournisseur de certifications, et les incidents-proc\u00e9dures d&#039;intervention \u00e0 suivre le rythme avec les meilleures pratiques.\t\t\t\t\t\t\t\t<\/div>\n\t\t\t\t<\/div>\n\t\t\t\t<\/div>\n\t\t\t\t\t<\/div>\n\t\t\t\t<\/div>\n\t\t\t\t<\/div>","protected":false},"excerpt":{"rendered":"<p>PAYMENT SECURITY Your safety comes first at Reluggz.com. We use multiple, layered safeguards to protect your data at every step of the checkout process. Transport security (SSL\/TLS). All pages where you enter or view personal or payment information are protected with SSL\/TLS. This encryption prevents third parties from reading or modifying data in transit. Look [&hellip;]<\/p>\n","protected":false},"author":1,"featured_media":0,"parent":0,"menu_order":0,"comment_status":"closed","ping_status":"closed","template":"","meta":{"footnotes":""},"class_list":["post-7975","page","type-page","status-publish","hentry"],"_links":{"self":[{"href":"https:\/\/reluggz.com\/fr\/wp-json\/wp\/v2\/pages\/7975","targetHints":{"allow":["GET"]}}],"collection":[{"href":"https:\/\/reluggz.com\/fr\/wp-json\/wp\/v2\/pages"}],"about":[{"href":"https:\/\/reluggz.com\/fr\/wp-json\/wp\/v2\/types\/page"}],"author":[{"embeddable":true,"href":"https:\/\/reluggz.com\/fr\/wp-json\/wp\/v2\/users\/1"}],"replies":[{"embeddable":true,"href":"https:\/\/reluggz.com\/fr\/wp-json\/wp\/v2\/comments?post=7975"}],"version-history":[{"count":8,"href":"https:\/\/reluggz.com\/fr\/wp-json\/wp\/v2\/pages\/7975\/revisions"}],"predecessor-version":[{"id":8018,"href":"https:\/\/reluggz.com\/fr\/wp-json\/wp\/v2\/pages\/7975\/revisions\/8018"}],"wp:attachment":[{"href":"https:\/\/reluggz.com\/fr\/wp-json\/wp\/v2\/media?parent=7975"}],"curies":[{"name":"wp","href":"https:\/\/api.w.org\/{rel}","templated":true}]}}