{"id":7605,"date":"2025-05-05T08:12:56","date_gmt":"2025-05-05T08:12:56","guid":{"rendered":"https:\/\/reluggz.com\/?page_id=7605"},"modified":"2025-07-08T18:39:00","modified_gmt":"2025-07-08T18:39:00","slug":"terms-and-conditions","status":"publish","type":"page","link":"https:\/\/reluggz.com\/it\/terms-and-conditions\/","title":{"rendered":"Termini e Condizioni"},"content":{"rendered":"<div data-elementor-type=\"wp-page\" data-elementor-id=\"7605\" class=\"elementor elementor-7605\" data-elementor-post-type=\"page\">\n\t\t\t\t<div class=\"elementor-element elementor-element-d0206ac e-flex e-con-boxed e-con e-parent\" data-id=\"d0206ac\" data-element_type=\"container\" data-e-type=\"container\">\n\t\t\t\t\t<div class=\"e-con-inner\">\n\t\t\t\t<div class=\"elementor-element elementor-element-f98e1b7 elementor-widget elementor-widget-heading\" data-id=\"f98e1b7\" data-element_type=\"widget\" data-e-type=\"widget\" data-widget_type=\"heading.default\">\n\t\t\t\t<div class=\"elementor-widget-container\">\n\t\t\t\t\t<h2 class=\"elementor-heading-title elementor-size-default\">Termini di Utilizzo<\/h2>\t\t\t\t<\/div>\n\t\t\t\t<\/div>\n\t\t\t\t<div class=\"elementor-element elementor-element-33dc509 elementor-widget elementor-widget-text-editor\" data-id=\"33dc509\" data-element_type=\"widget\" data-e-type=\"widget\" data-widget_type=\"text-editor.default\">\n\t\t\t\t<div class=\"elementor-widget-container\">\n\t\t\t\t\t\t\t\t\t<p>Benvenuti a Reluggz! Utilizzando la nostra piattaforma, l&#039;utente accetta i seguenti termini e condizioni. Si prega di leggere attentamente prima di effettuare qualsiasi ordine.<\/p><h4><strong>1. Ambito Del Servizio Di<\/strong><\/h4><p>Reluggz \u00e8 un deposito di spedizione piattaforma di coordinamento che collega gli utenti con terze parti servizi di corriere. Noi non trasporto degli oggetti stessi, ma facilitare il processo di spedizione attraverso il nostro verificato partner.<\/p><h4><strong>2. Gli Articoli Proibiti<\/strong><\/h4><p>Users must not ship any of the following:<\/p><ol><li>Armi o esplosivi<\/li><li>Sostanze illegali<\/li><li>Alimentari deperibili o animali vivi<\/li><li>Contanti, carte di credito o documenti di valore<\/li><li>Gioielli, oggetti d&#039;antiquariato, o insostituibili elementi<\/li><li>Batterie agli ioni di litio (o altro)<\/li><li>Infiammabili o materiali pericolosi<\/li><\/ol><p>Spedizione qualsiasi degli elementi di cui sopra pu\u00f2 comportare sequestro in dogana, l&#039;azione legale, o il ritorno di spedizione a carico del mittente.<\/p><p>Reluggz is not liable for any shipment delays, losses, or non-delivery if:<\/p><ol><li>I contenuti sono vietati o non dichiarato veritiero<\/li><li>Il pacchetto \u00e8 tenuto dalle autorit\u00e0 doganali o gli organismi di regolamentazione<\/li><li>Indirizzo errato o incompleto informazioni sono fornite<\/li><li>Corriere locale tentativi di consegna, ma il destinatario non \u00e8 disponibile<\/li><\/ol><h4><strong>3. Di responsabilit\u00e0 e di Assicurazione<\/strong><\/h4><p>Reluggz fornisce assicurazione opzionale attraverso i suoi partner. Standard spedizioni non sono coperti, a meno che l&#039;assicurazione \u00e8 selezionato durante il checkout. Reluggz non \u00e8 responsabile per danni, perdita o del furto di una volta che il deposito \u00e8 nelle mani del corriere.<\/p><div id=\"mttContainer\" class=\"notranslate\" style=\"transform: translate(234px, 197px);\" aria-expanded=\"false\">\u00a0<\/div>\t\t\t\t\t\t\t\t<\/div>\n\t\t\t\t<\/div>\n\t\t\t\t\t<\/div>\n\t\t\t\t<\/div>\n\t\t\t\t<\/div>","protected":false},"excerpt":{"rendered":"<p>Terms of Use Welcome to Reluggz! By using our platform, you agree to the following terms and conditions. Please read them carefully before placing any order. 1. Service Scope Reluggz is a luggage shipping coordination platform that connects users with third-party courier services. We do not transport the items ourselves but facilitate the shipping process [&hellip;]<\/p>\n","protected":false},"author":1,"featured_media":0,"parent":0,"menu_order":0,"comment_status":"closed","ping_status":"closed","template":"","meta":{"footnotes":""},"class_list":["post-7605","page","type-page","status-publish","hentry"],"_links":{"self":[{"href":"https:\/\/reluggz.com\/it\/wp-json\/wp\/v2\/pages\/7605","targetHints":{"allow":["GET"]}}],"collection":[{"href":"https:\/\/reluggz.com\/it\/wp-json\/wp\/v2\/pages"}],"about":[{"href":"https:\/\/reluggz.com\/it\/wp-json\/wp\/v2\/types\/page"}],"author":[{"embeddable":true,"href":"https:\/\/reluggz.com\/it\/wp-json\/wp\/v2\/users\/1"}],"replies":[{"embeddable":true,"href":"https:\/\/reluggz.com\/it\/wp-json\/wp\/v2\/comments?post=7605"}],"version-history":[{"count":10,"href":"https:\/\/reluggz.com\/it\/wp-json\/wp\/v2\/pages\/7605\/revisions"}],"predecessor-version":[{"id":7900,"href":"https:\/\/reluggz.com\/it\/wp-json\/wp\/v2\/pages\/7605\/revisions\/7900"}],"wp:attachment":[{"href":"https:\/\/reluggz.com\/it\/wp-json\/wp\/v2\/media?parent=7605"}],"curies":[{"name":"wp","href":"https:\/\/api.w.org\/{rel}","templated":true}]}}