{"id":7966,"date":"2025-09-21T19:52:36","date_gmt":"2025-09-21T19:52:36","guid":{"rendered":"https:\/\/reluggz.com\/?page_id=7966"},"modified":"2025-10-01T17:05:29","modified_gmt":"2025-10-01T17:05:29","slug":"privacy-statement","status":"publish","type":"page","link":"https:\/\/reluggz.com\/it\/privacy-statement\/","title":{"rendered":"Informativa sulla Privacy"},"content":{"rendered":"<div data-elementor-type=\"wp-page\" data-elementor-id=\"7966\" class=\"elementor elementor-7966\" data-elementor-post-type=\"page\">\n\t\t\t\t<div class=\"elementor-element elementor-element-db4e2bb e-flex e-con-boxed e-con e-parent\" data-id=\"db4e2bb\" data-element_type=\"container\" data-e-type=\"container\">\n\t\t\t\t\t<div class=\"e-con-inner\">\n\t\t<div class=\"elementor-element elementor-element-58eb03c e-con-full e-flex e-con e-child\" data-id=\"58eb03c\" data-element_type=\"container\" data-e-type=\"container\">\n\t\t\t\t<div class=\"elementor-element elementor-element-d64377d elementor-widget elementor-widget-heading\" data-id=\"d64377d\" data-element_type=\"widget\" data-e-type=\"widget\" data-widget_type=\"heading.default\">\n\t\t\t\t<div class=\"elementor-widget-container\">\n\t\t\t\t\t<h2 class=\"elementor-heading-title elementor-size-default\">INFORMATIVA SULLA PRIVACY\n<\/h2>\t\t\t\t<\/div>\n\t\t\t\t<\/div>\n\t\t\t\t<div class=\"elementor-element elementor-element-e53d9ed elementor-widget__width-initial elementor-widget-tablet__width-initial elementor-widget elementor-widget-text-editor\" data-id=\"e53d9ed\" data-element_type=\"widget\" data-e-type=\"widget\" data-widget_type=\"text-editor.default\">\n\t\t\t\t<div class=\"elementor-widget-container\">\n\t\t\t\t\t\t\t\t\tQuesta informativa sulla Privacy spiega quali informazioni raccogliamo, perch\u00e9 le raccogliamo, come le utilizziamo, e le vostre scelte.\t\t\t\t\t\t\t\t<\/div>\n\t\t\t\t<\/div>\n\t\t\t\t<div class=\"elementor-element elementor-element-b391130 elementor-widget elementor-widget-heading\" data-id=\"b391130\" data-element_type=\"widget\" data-e-type=\"widget\" data-widget_type=\"heading.default\">\n\t\t\t\t<div class=\"elementor-widget-container\">\n\t\t\t\t\t<h2 class=\"elementor-heading-title elementor-size-default\">Chi siamo.\n<\/h2>\t\t\t\t<\/div>\n\t\t\t\t<\/div>\n\t\t\t\t<div class=\"elementor-element elementor-element-ad5ba1f elementor-widget__width-initial elementor-widget-tablet__width-initial elementor-widget elementor-widget-text-editor\" data-id=\"ad5ba1f\" data-element_type=\"widget\" data-e-type=\"widget\" data-widget_type=\"text-editor.default\">\n\t\t\t\t<div class=\"elementor-widget-container\">\n\t\t\t\t\t\t\t\t\tReluggz.com \u00e8 una piattaforma per l&#039;organizzazione di servizi di spedizione. Potete contattarci al privacy@reluggz.com.\n\t\t\t\t\t\t\t\t<\/div>\n\t\t\t\t<\/div>\n\t\t\t\t<div class=\"elementor-element elementor-element-b4a7035 elementor-widget elementor-widget-heading\" data-id=\"b4a7035\" data-element_type=\"widget\" data-e-type=\"widget\" data-widget_type=\"heading.default\">\n\t\t\t\t<div class=\"elementor-widget-container\">\n\t\t\t\t\t<h2 class=\"elementor-heading-title elementor-size-default\">Quello che raccogliamo.<\/h2>\t\t\t\t<\/div>\n\t\t\t\t<\/div>\n\t\t\t\t<div class=\"elementor-element elementor-element-c6422bb elementor-widget__width-initial elementor-widget-tablet__width-initial elementor-widget elementor-widget-text-editor\" data-id=\"c6422bb\" data-element_type=\"widget\" data-e-type=\"widget\" data-widget_type=\"text-editor.default\">\n\t\t\t\t<div class=\"elementor-widget-container\">\n\t\t\t\t\t\t\t\t\t<ol><li><span style=\"font-weight: 400;\">\u2013 Identit\u00e0 e contatti: nome, email, telefono.<\/span><\/li><li><span style=\"font-weight: 400;\">\u2013 Gli indirizzi di spedizione e fatturazione indirizzi; ritiro\/consegna posizioni.<\/span><\/li><li><span style=\"font-weight: 400;\">\u2013 Ordine di dettagli: pacco peso\/dimensioni, opzioni di servizio, il prezzo, il numero di tracciabilit\u00e0.<\/span><\/li><li><span style=\"font-weight: 400;\">\u2013 La condizione di pagamento: il successo\/fallimento di conferme da parte del processore (non negozio pieno di numeri di carta).<\/span><\/li><li><span style=\"font-weight: 400;\">\u2013 Account dati: le credenziali di accesso (hash), preferenze, storia della comunicazione.<\/span><\/li><li><span style=\"font-weight: 400;\">\u2013 Dati tecnici: indirizzo IP, tipo di dispositivo\/informazioni browser, i cookie e tecnologie simili per essenziali funzioni del sito e l&#039;analisi.<\/span><\/li><\/ol>\t\t\t\t\t\t\t\t<\/div>\n\t\t\t\t<\/div>\n\t\t\t\t<div class=\"elementor-element elementor-element-9b62c5d elementor-widget elementor-widget-heading\" data-id=\"9b62c5d\" data-element_type=\"widget\" data-e-type=\"widget\" data-widget_type=\"heading.default\">\n\t\t\t\t<div class=\"elementor-widget-container\">\n\t\t\t\t\t<h2 class=\"elementor-heading-title elementor-size-default\">Perch\u00e9 raccogliamo (basi legali).\n<\/h2>\t\t\t\t<\/div>\n\t\t\t\t<\/div>\n\t\t\t\t<div class=\"elementor-element elementor-element-33989bb elementor-widget__width-initial elementor-widget-tablet__width-initial elementor-widget elementor-widget-text-editor\" data-id=\"33989bb\" data-element_type=\"widget\" data-e-type=\"widget\" data-widget_type=\"text-editor.default\">\n\t\t\t\t<div class=\"elementor-widget-container\">\n\t\t\t\t\t\t\t\t\t<ol><li><span style=\"font-weight: 400;\">\u2013 Per eseguire il nostro contratto con voi (elaborare gli ordini, organizzare la consegna, fornire supporto).<\/span><\/li><li><span style=\"font-weight: 400;\">\u2013 Per adempiere ad obblighi di legge (fiscali\/contabili, di prevenzione delle frodi).<\/span><\/li><li><span style=\"font-weight: 400;\">\u2013 Per i nostri interessi legittimi (miglioramento dei servizi, la prevenzione di abuso).<\/span><\/li><li><span style=\"font-weight: 400;\">Con il vostro consenso, ad esempio, di marketing e-mail). \u00c8 possibile revocare il consenso in qualsiasi momento.<\/span><\/li><\/ol>\t\t\t\t\t\t\t\t<\/div>\n\t\t\t\t<\/div>\n\t\t\t\t<div class=\"elementor-element elementor-element-a0d9806 elementor-widget elementor-widget-heading\" data-id=\"a0d9806\" data-element_type=\"widget\" data-e-type=\"widget\" data-widget_type=\"heading.default\">\n\t\t\t\t<div class=\"elementor-widget-container\">\n\t\t\t\t\t<h2 class=\"elementor-heading-title elementor-size-default\">Come possiamo utilizzare e condividere.\n<\/h2>\t\t\t\t<\/div>\n\t\t\t\t<\/div>\n\t\t\t\t<div class=\"elementor-element elementor-element-8a2c363 elementor-widget__width-initial elementor-widget-tablet__width-initial elementor-widget elementor-widget-text-editor\" data-id=\"8a2c363\" data-element_type=\"widget\" data-e-type=\"widget\" data-widget_type=\"text-editor.default\">\n\t\t\t\t<div class=\"elementor-widget-container\">\n\t\t\t\t\t\t\t\t\tUtilizziamo i tuoi dati per soddisfare gli ordini, comunicazione di aggiornamenti, e di migliorare il servizio. Condividiamo solo ci\u00f2 che \u00e8 necessario con fornitori affidabili (ad esempio, i corrieri per la consegna indirizzi, processori di pagamento, per autorizzare il pagamento; e-mail\/SMS fornitori per le notifiche). Non vendiamo i tuoi dati personali.\t\t\t\t\t\t\t\t<\/div>\n\t\t\t\t<\/div>\n\t\t\t\t<div class=\"elementor-element elementor-element-495f32c elementor-widget elementor-widget-heading\" data-id=\"495f32c\" data-element_type=\"widget\" data-e-type=\"widget\" data-widget_type=\"heading.default\">\n\t\t\t\t<div class=\"elementor-widget-container\">\n\t\t\t\t\t<h2 class=\"elementor-heading-title elementor-size-default\">Scelte di Marketing.\n<\/h2>\t\t\t\t<\/div>\n\t\t\t\t<\/div>\n\t\t\t\t<div class=\"elementor-element elementor-element-5947613 elementor-widget__width-initial elementor-widget-tablet__width-initial elementor-widget elementor-widget-text-editor\" data-id=\"5947613\" data-element_type=\"widget\" data-e-type=\"widget\" data-widget_type=\"text-editor.default\">\n\t\t\t\t<div class=\"elementor-widget-container\">\n\t\t\t\t\t\t\t\t\tSi pu\u00f2 opt-in per il marketing. Si pu\u00f2 opt-out in qualsiasi momento tramite il link \u201cunsubscribe\u201d oppure inviando una mail privacy@reluggz.com. E-mail transazionali (conferme d&#039;ordine, la consegna aggiornamenti saranno inviati.\t\t\t\t\t\t\t\t<\/div>\n\t\t\t\t<\/div>\n\t\t\t\t<div class=\"elementor-element elementor-element-0aaad83 elementor-widget elementor-widget-heading\" data-id=\"0aaad83\" data-element_type=\"widget\" data-e-type=\"widget\" data-widget_type=\"heading.default\">\n\t\t\t\t<div class=\"elementor-widget-container\">\n\t\t\t\t\t<h2 class=\"elementor-heading-title elementor-size-default\">Ritenzione.\n<\/h2>\t\t\t\t<\/div>\n\t\t\t\t<\/div>\n\t\t\t\t<div class=\"elementor-element elementor-element-dce7311 elementor-widget__width-initial elementor-widget-tablet__width-initial elementor-widget elementor-widget-text-editor\" data-id=\"dce7311\" data-element_type=\"widget\" data-e-type=\"widget\" data-widget_type=\"text-editor.default\">\n\t\t\t\t<div class=\"elementor-widget-container\">\n\t\t\t\t\t\t\t\t\tAbbiamo conservare i dati solo per il tempo necessario: in genere fino a 6 anni per fatture\/documenti finanziari (obbligo di legge), e pi\u00f9 brevi per il funzionamento dei registri, a meno che un periodo pi\u00f9 lungo \u00e8 necessario per risolvere controversie o incontrare degli obblighi normativi.\n\t\t\t\t\t\t\t\t<\/div>\n\t\t\t\t<\/div>\n\t\t\t\t<div class=\"elementor-element elementor-element-9055488 elementor-widget elementor-widget-heading\" data-id=\"9055488\" data-element_type=\"widget\" data-e-type=\"widget\" data-widget_type=\"heading.default\">\n\t\t\t\t<div class=\"elementor-widget-container\">\n\t\t\t\t\t<h2 class=\"elementor-heading-title elementor-size-default\">I trasferimenti internazionali.\n<\/h2>\t\t\t\t<\/div>\n\t\t\t\t<\/div>\n\t\t\t\t<div class=\"elementor-element elementor-element-7ed1e66 elementor-widget__width-initial elementor-widget-tablet__width-initial elementor-widget elementor-widget-text-editor\" data-id=\"7ed1e66\" data-element_type=\"widget\" data-e-type=\"widget\" data-widget_type=\"text-editor.default\">\n\t\t\t\t<div class=\"elementor-widget-container\">\n\t\t\t\t\t\t\t\t\tSe i fornitori di dati di processo al di fuori del tuo paese, abbiamo l&#039;uso di appropriate misure di protezione (clausole contrattuali, i controlli di sicurezza).\n\t\t\t\t\t\t\t\t<\/div>\n\t\t\t\t<\/div>\n\t\t\t\t<div class=\"elementor-element elementor-element-d5ab712 elementor-widget elementor-widget-heading\" data-id=\"d5ab712\" data-element_type=\"widget\" data-e-type=\"widget\" data-widget_type=\"heading.default\">\n\t\t\t\t<div class=\"elementor-widget-container\">\n\t\t\t\t\t<h2 class=\"elementor-heading-title elementor-size-default\">I tuoi diritti.\n<\/h2>\t\t\t\t<\/div>\n\t\t\t\t<\/div>\n\t\t\t\t<div class=\"elementor-element elementor-element-dcbf10f elementor-widget__width-initial elementor-widget-tablet__width-initial elementor-widget elementor-widget-text-editor\" data-id=\"dcbf10f\" data-element_type=\"widget\" data-e-type=\"widget\" data-widget_type=\"text-editor.default\">\n\t\t\t\t<div class=\"elementor-widget-container\">\n\t\t\t\t\t\t\t\t\tIn base alla legge applicabile, si pu\u00f2 richiedere l&#039;accesso, la correzione, la cancellazione, il blocco, la portabilit\u00e0, o di opporsi al trattamento. Contatto privacy@reluggz.com. Risponderemo entro legale dei tempi.\n\t\t\t\t\t\t\t\t<\/div>\n\t\t\t\t<\/div>\n\t\t\t\t<div class=\"elementor-element elementor-element-856fc7b elementor-widget elementor-widget-heading\" data-id=\"856fc7b\" data-element_type=\"widget\" data-e-type=\"widget\" data-widget_type=\"heading.default\">\n\t\t\t\t<div class=\"elementor-widget-container\">\n\t\t\t\t\t<h2 class=\"elementor-heading-title elementor-size-default\">La privacy dei bambini.\n<\/h2>\t\t\t\t<\/div>\n\t\t\t\t<\/div>\n\t\t\t\t<div class=\"elementor-element elementor-element-01dfd57 elementor-widget__width-initial elementor-widget-tablet__width-initial elementor-widget elementor-widget-text-editor\" data-id=\"01dfd57\" data-element_type=\"widget\" data-e-type=\"widget\" data-widget_type=\"text-editor.default\">\n\t\t\t\t<div class=\"elementor-widget-container\">\n\t\t\t\t\t\t\t\t\tIl nostro servizio non \u00e8 previsto per i bambini sotto i 16. Non raccogliamo i loro dati.\n\t\t\t\t\t\t\t\t<\/div>\n\t\t\t\t<\/div>\n\t\t\t\t<div class=\"elementor-element elementor-element-bafce9d elementor-widget elementor-widget-heading\" data-id=\"bafce9d\" data-element_type=\"widget\" data-e-type=\"widget\" data-widget_type=\"heading.default\">\n\t\t\t\t<div class=\"elementor-widget-container\">\n\t\t\t\t\t<h2 class=\"elementor-heading-title elementor-size-default\">Gli aggiornamenti.\n<\/h2>\t\t\t\t<\/div>\n\t\t\t\t<\/div>\n\t\t\t\t<div class=\"elementor-element elementor-element-55d84ff elementor-widget__width-initial elementor-widget-tablet__width-initial elementor-widget elementor-widget-text-editor\" data-id=\"55d84ff\" data-element_type=\"widget\" data-e-type=\"widget\" data-widget_type=\"text-editor.default\">\n\t\t\t\t<div class=\"elementor-widget-container\">\n\t\t\t\t\t\t\t\t\tSi pu\u00f2 aggiornare la presente dichiarazione; pubblicheremo le modifiche con una nuova data di Ultimo aggiornamento.\n\t\t\t\t\t\t\t\t<\/div>\n\t\t\t\t<\/div>\n\t\t\t\t<\/div>\n\t\t\t\t\t<\/div>\n\t\t\t\t<\/div>\n\t\t\t\t<\/div>","protected":false},"excerpt":{"rendered":"<p>PRIVACY STATEMENT This Privacy Statement explains what we collect, why we collect it, how we use it, and your choices. Who we are. Reluggz.com is a platform for arranging shipping services. You can reach us at privacy@reluggz.com. What we collect. &#8211; Identity and contact: name, email, phone. &#8211; Addresses: shipping and billing addresses; pickup\/delivery locations. [&hellip;]<\/p>\n","protected":false},"author":1,"featured_media":0,"parent":0,"menu_order":0,"comment_status":"closed","ping_status":"closed","template":"","meta":{"footnotes":""},"class_list":["post-7966","page","type-page","status-publish","hentry"],"_links":{"self":[{"href":"https:\/\/reluggz.com\/it\/wp-json\/wp\/v2\/pages\/7966","targetHints":{"allow":["GET"]}}],"collection":[{"href":"https:\/\/reluggz.com\/it\/wp-json\/wp\/v2\/pages"}],"about":[{"href":"https:\/\/reluggz.com\/it\/wp-json\/wp\/v2\/types\/page"}],"author":[{"embeddable":true,"href":"https:\/\/reluggz.com\/it\/wp-json\/wp\/v2\/users\/1"}],"replies":[{"embeddable":true,"href":"https:\/\/reluggz.com\/it\/wp-json\/wp\/v2\/comments?post=7966"}],"version-history":[{"count":10,"href":"https:\/\/reluggz.com\/it\/wp-json\/wp\/v2\/pages\/7966\/revisions"}],"predecessor-version":[{"id":7995,"href":"https:\/\/reluggz.com\/it\/wp-json\/wp\/v2\/pages\/7966\/revisions\/7995"}],"wp:attachment":[{"href":"https:\/\/reluggz.com\/it\/wp-json\/wp\/v2\/media?parent=7966"}],"curies":[{"name":"wp","href":"https:\/\/api.w.org\/{rel}","templated":true}]}}